{"id":27575,"date":"2023-09-12T10:20:18","date_gmt":"2023-09-12T10:20:18","guid":{"rendered":"https:\/\/imarco.eu\/sicherheit-gesundheit-und-umwelt\/"},"modified":"2023-09-12T10:20:19","modified_gmt":"2023-09-12T10:20:19","slug":"sicherheit-gesundheit-und-umwelt","status":"publish","type":"page","link":"https:\/\/imarco.eu\/de\/sicherheit-gesundheit-und-umwelt\/","title":{"rendered":"Sicherheit, Gesundheit und Umwelt"},"content":{"rendered":"<div class=\"wpb-content-wrapper\"><p>[vc_row margintop=&#8221;12.6vw&#8221; marginbottom=&#8221;12.6vw&#8221; mmargintop=&#8221;17vw&#8221; mmarginbottom=&#8221;17vw&#8221; marginheader=&#8221;&#8221; paddingheader=&#8221;&#8221; lmarginheader=&#8221;&#8221; lpaddingheader=&#8221;&#8221; tmarginheader=&#8221;&#8221; tpaddingheader=&#8221;&#8221; mmarginheader=&#8221;&#8221; mpaddingheader=&#8221;&#8221; fullscreenslide=&#8221;true&#8221; el_class=&#8221;title-row&#8221;][vc_column][vc_column_text]<\/p>\n<h2> Engagement f\u00fcr <strong>Sicherheit, Gesundheit und Umwelt <\/strong><\/h2>\n<p>[\/vc_column_text][\/vc_column][\/vc_row][vc_row][vc_column css_animation=&#8221;fadeInUp&#8221; width=&#8221;5\/12&#8243; marginHeader=&#8221;&#8221; paddingHeader=&#8221;&#8221; lmarginHeader=&#8221;&#8221; lpaddingHeader=&#8221;&#8221; tmarginHeader=&#8221;&#8221; tpaddingHeader=&#8221;&#8221; mmarginHeader=&#8221;&#8221; mpaddingHeader=&#8221;&#8221; marginheader=&#8221;&#8221; paddingheader=&#8221;&#8221; lmarginheader=&#8221;&#8221; lpaddingheader=&#8221;&#8221; tmarginheader=&#8221;&#8221; tpaddingheader=&#8221;&#8221; mmarginheader=&#8221;&#8221; mpaddingheader=&#8221;&#8221; offset=&#8221;vc_col-md-offset-2 vc_col-md-4 vc_col-sm-offset-1 vc_col-xs-12&#8243;][vc_column_text]Bei Imarco B.V. freuen wir uns, mitteilen zu k\u00f6nnen, dass wir seit 2021 nach VCA** zertifiziert sind. Diese Zertifizierung ist ein wichtiger Meilenstein und unterstreicht unser Engagement f\u00fcr Sicherheit, Gesundheit und Umweltschutz in all unseren Aktivit\u00e4ten. Wir sind der festen \u00dcberzeugung, dass die Gew\u00e4hrleistung der Sicherheit und des Wohlbefindens unserer Mitarbeiter und Subunternehmer sowie die Minimierung unserer Auswirkungen auf die Umwelt wesentliche Bestandteile verantwortungsvollen Handelns sind.[\/vc_column_text][\/vc_column][vc_column width=&#8221;5\/12&#8243; marginHeader=&#8221;&#8221; paddingHeader=&#8221;&#8221; lmarginHeader=&#8221;&#8221; lpaddingHeader=&#8221;&#8221; tmarginHeader=&#8221;&#8221; tpaddingHeader=&#8221;&#8221; mmarginHeader=&#8221;&#8221; mpaddingHeader=&#8221;&#8221; offset=&#8221;vc_col-md-4 vc_col-xs-12&#8243;][vc_single_image image=&#8221;27534&#8243; img_size=&#8221;large&#8221;][\/vc_column][\/vc_row][vc_row margintop=&#8221;12.6vw&#8221; marginbottom=&#8221;12.6vw&#8221; mmargintop=&#8221;17vw&#8221; mmarginbottom=&#8221;17vw&#8221; marginheader=&#8221;&#8221; paddingheader=&#8221;&#8221; lmarginheader=&#8221;&#8221; lpaddingheader=&#8221;&#8221; tmarginheader=&#8221;&#8221; tpaddingheader=&#8221;&#8221; mmarginheader=&#8221;&#8221; mpaddingheader=&#8221;&#8221; fullscreenslide=&#8221;true&#8221; el_class=&#8221;title-row&#8221;][vc_column][vc_column_text]<\/p>\n<h2> Unsere Priorit\u00e4t <strong>Sicherheit und Gesundheit <\/strong><\/h2>\n<p>[\/vc_column_text][\/vc_column][\/vc_row][vc_row][vc_column css_animation=&#8221;fadeInUp&#8221; width=&#8221;5\/6&#8243; marginheader=&#8221;&#8221; paddingheader=&#8221;&#8221; lmarginheader=&#8221;&#8221; lpaddingheader=&#8221;&#8221; tmarginheader=&#8221;&#8221; tpaddingheader=&#8221;&#8221; mmarginheader=&#8221;&#8221; mpaddingheader=&#8221;&#8221; offset=&#8221;vc_col-md-offset-2 vc_col-md-8 vc_col-sm-offset-1 vc_col-xs-12&#8243;][vc_column_text]Sicherheit steht bei uns stets an erster Stelle. Unsere VCA**-Zertifizierung ist der Beweis unseres fortw\u00e4hrenden Engagements, eine sichere Arbeitsumgebung f\u00fcr alle Beteiligten an unseren Projekten zu schaffen. Wir implementieren strenge Sicherheitsprotokolle und sorgen f\u00fcr regelm\u00e4\u00dfige Schulungen und Bewusstseinsbildung in Sicherheitsfragen f\u00fcr alle unsere Mitarbeiter und Subunternehmer. Das Wohl unserer Mitarbeiter hat h\u00f6chste Priorit\u00e4t, und wir streben danach, alle Risiken auf ein Minimum zu reduzieren.[\/vc_column_text][\/vc_column][\/vc_row][vc_row margintop=&#8221;12.6vw&#8221; marginbottom=&#8221;12.6vw&#8221; mmargintop=&#8221;17vw&#8221; mmarginbottom=&#8221;17vw&#8221; marginheader=&#8221;&#8221; paddingheader=&#8221;&#8221; lmarginheader=&#8221;&#8221; lpaddingheader=&#8221;&#8221; tmarginheader=&#8221;&#8221; tpaddingheader=&#8221;&#8221; mmarginheader=&#8221;&#8221; mpaddingheader=&#8221;&#8221; fullscreenslide=&#8221;true&#8221; el_class=&#8221;title-row&#8221;][vc_column][vc_column_text]<\/p>\n<h2>Umweltbewusstsein <strong>und Nachhaltigkeit<\/strong><\/h2>\n<p>[\/vc_column_text][\/vc_column][\/vc_row][vc_row][vc_column css_animation=&#8221;fadeInUp&#8221; width=&#8221;5\/6&#8243; marginheader=&#8221;&#8221; paddingheader=&#8221;&#8221; lmarginheader=&#8221;&#8221; lpaddingheader=&#8221;&#8221; tmarginheader=&#8221;&#8221; tpaddingheader=&#8221;&#8221; mmarginheader=&#8221;&#8221; mpaddingheader=&#8221;&#8221; offset=&#8221;vc_col-md-offset-2 vc_col-md-8 vc_col-sm-offset-1 vc_col-xs-12&#8243;][vc_column_text]Neben Sicherheit und Gesundheit legen wir gro\u00dfen Wert auf Umweltbewusstsein und Nachhaltigkeit. Wir verstehen die Auswirkungen, die unsere Aktivit\u00e4ten auf die Umwelt haben k\u00f6nnen, und setzen uns daf\u00fcr ein, unseren \u00f6kologischen Fu\u00dfabdruck zu verringern. Wir praktizieren umweltfreundliche Verfahren, minimieren Abfall und streben eine effiziente Nutzung von Ressourcen an. Unser Ziel ist es, nachhaltige L\u00f6sungen zu bieten, die sowohl unseren Kunden als auch dem Planeten zugutekommen.[\/vc_column_text][\/vc_column][\/vc_row][vc_row margintop=&#8221;12.6vw&#8221; marginbottom=&#8221;12.6vw&#8221; mmargintop=&#8221;17vw&#8221; mmarginbottom=&#8221;17vw&#8221; marginheader=&#8221;&#8221; paddingheader=&#8221;&#8221; lmarginheader=&#8221;&#8221; lpaddingheader=&#8221;&#8221; tmarginheader=&#8221;&#8221; tpaddingheader=&#8221;&#8221; mmarginheader=&#8221;&#8221; mpaddingheader=&#8221;&#8221; fullscreenslide=&#8221;true&#8221; el_class=&#8221;title-row&#8221;][vc_column][vc_column_text]<\/p>\n<h2> NEN Safety Culture Ladder <strong>mit SCL ASA <\/strong><\/h2>\n<p>[\/vc_column_text][\/vc_column][\/vc_row][vc_row][vc_column css_animation=&#8221;fadeInUp&#8221; width=&#8221;5\/6&#8243; marginheader=&#8221;&#8221; paddingheader=&#8221;&#8221; lmarginheader=&#8221;&#8221; lpaddingheader=&#8221;&#8221; tmarginheader=&#8221;&#8221; tpaddingheader=&#8221;&#8221; mmarginheader=&#8221;&#8221; mpaddingheader=&#8221;&#8221; offset=&#8221;vc_col-md-offset-2 vc_col-md-8 vc_col-sm-offset-1 vc_col-xs-12&#8243;][vc_column_text]Bei Imarco B.V. gehen wir \u00fcber Zertifizierungen hinaus. Vor Kurzem haben wir die NEN Safety Culture Ladder mithilfe von SCL ASA implementiert, um unsere Sicherheitskultur auf ein h\u00f6heres Niveau zu heben. Dieser Ansatz erm\u00f6glicht es uns, eine Kultur kontinuierlicher Verbesserung zu f\u00f6rdern und sicherzustellen, dass Sicherheit nicht nur ein Protokoll ist, sondern ein integraler Bestandteil dessen, wer wir sind.<\/p>\n<p>&nbsp;<\/p>\n<p>\nWir sind stolz auf unsere Bem\u00fchungen, die h\u00f6chsten Standards in Bezug auf Sicherheit, Gesundheit und Umwelt zu erf\u00fcllen, und werden weiterhin nach Exzellenz in diesen Bereichen streben. Imarco B.V. steht f\u00fcr Zuverl\u00e4ssigkeit, Integrit\u00e4t und Verantwortung in all unseren Aktivit\u00e4ten.<\/p>\n<p>&nbsp;<\/p>\n<p>\nWenn Sie mehr \u00fcber unser Engagement f\u00fcr Sicherheit, Gesundheit und Umwelt erfahren m\u00f6chten, z\u00f6gern Sie bitte nicht, uns zu kontaktieren. Gemeinsam k\u00f6nnen wir an einer sichereren, ges\u00fcnderen und nachhaltigeren Zukunft arbeiten.[\/vc_column_text][vc_empty_space height=&#8221;10vw&#8221;][\/vc_column][\/vc_row]<\/p>\n<\/div>","protected":false},"excerpt":{"rendered":"<p>[vc_row margintop=&#8221;12.6vw&#8221; marginbottom=&#8221;12.6vw&#8221; mmargintop=&#8221;17vw&#8221; mmarginbottom=&#8221;17vw&#8221; marginheader=&#8221;&#8221; paddingheader=&#8221;&#8221; lmarginheader=&#8221;&#8221; lpaddingheader=&#8221;&#8221; tmarginheader=&#8221;&#8221; tpaddingheader=&#8221;&#8221; mmarginheader=&#8221;&#8221; mpaddingheader=&#8221;&#8221; fullscreenslide=&#8221;true&#8221; el_class=&#8221;title-row&#8221;][vc_column][vc_column_text] Engagement f\u00fcr Sicherheit, Gesundheit und Umwelt [\/vc_column_text][\/vc_column][\/vc_row][vc_row][vc_column css_animation=&#8221;fadeInUp&#8221; width=&#8221;5\/12&#8243; marginHeader=&#8221;&#8221; paddingHeader=&#8221;&#8221; lmarginHeader=&#8221;&#8221; lpaddingHeader=&#8221;&#8221; tmarginHeader=&#8221;&#8221; tpaddingHeader=&#8221;&#8221; mmarginHeader=&#8221;&#8221; mpaddingHeader=&#8221;&#8221; marginheader=&#8221;&#8221; paddingheader=&#8221;&#8221; lmarginheader=&#8221;&#8221; lpaddingheader=&#8221;&#8221; tmarginheader=&#8221;&#8221; tpaddingheader=&#8221;&#8221; mmarginheader=&#8221;&#8221; mpaddingheader=&#8221;&#8221; offset=&#8221;vc_col-md-offset-2 vc_col-md-4 vc_col-sm-offset-1 vc_col-xs-12&#8243;][vc_column_text]Bei Imarco B.V. freuen wir uns, mitteilen zu k\u00f6nnen, dass wir seit [&hellip;]<\/p>\n","protected":false},"author":1,"featured_media":0,"parent":0,"menu_order":3,"comment_status":"closed","ping_status":"closed","template":"","meta":{"_acf_changed":false,"footnotes":""},"class_list":["post-27575","page","type-page","status-publish","hentry"],"acf":[],"yoast_head":"<!-- This site is optimized with the Yoast SEO plugin v27.3 - https:\/\/yoast.com\/product\/yoast-seo-wordpress\/ -->\n<title>Sicherheit, Gesundheit und Umwelt - IMARCO<\/title>\n<meta name=\"robots\" content=\"index, follow, max-snippet:-1, max-image-preview:large, max-video-preview:-1\" \/>\n<link rel=\"canonical\" href=\"https:\/\/imarco.eu\/de\/sicherheit-gesundheit-und-umwelt\/\" \/>\n<meta property=\"og:locale\" content=\"de_DE\" \/>\n<meta property=\"og:type\" content=\"article\" \/>\n<meta property=\"og:title\" content=\"Sicherheit, Gesundheit und Umwelt - IMARCO\" \/>\n<meta property=\"og:description\" content=\"[vc_row margintop=&#8221;12.6vw&#8221; marginbottom=&#8221;12.6vw&#8221; mmargintop=&#8221;17vw&#8221; mmarginbottom=&#8221;17vw&#8221; marginheader=&#8221;&#8221; paddingheader=&#8221;&#8221; lmarginheader=&#8221;&#8221; lpaddingheader=&#8221;&#8221; tmarginheader=&#8221;&#8221; tpaddingheader=&#8221;&#8221; mmarginheader=&#8221;&#8221; mpaddingheader=&#8221;&#8221; fullscreenslide=&#8221;true&#8221; el_class=&#8221;title-row&#8221;][vc_column][vc_column_text] Engagement f\u00fcr Sicherheit, Gesundheit und Umwelt [\/vc_column_text][\/vc_column][\/vc_row][vc_row][vc_column css_animation=&#8221;fadeInUp&#8221; width=&#8221;5\/12&#8243; marginHeader=&#8221;&#8221; paddingHeader=&#8221;&#8221; lmarginHeader=&#8221;&#8221; lpaddingHeader=&#8221;&#8221; tmarginHeader=&#8221;&#8221; tpaddingHeader=&#8221;&#8221; mmarginHeader=&#8221;&#8221; mpaddingHeader=&#8221;&#8221; marginheader=&#8221;&#8221; paddingheader=&#8221;&#8221; lmarginheader=&#8221;&#8221; lpaddingheader=&#8221;&#8221; tmarginheader=&#8221;&#8221; tpaddingheader=&#8221;&#8221; mmarginheader=&#8221;&#8221; mpaddingheader=&#8221;&#8221; offset=&#8221;vc_col-md-offset-2 vc_col-md-4 vc_col-sm-offset-1 vc_col-xs-12&#8243;][vc_column_text]Bei Imarco B.V. freuen wir uns, mitteilen zu k\u00f6nnen, dass wir seit [&hellip;]\" \/>\n<meta property=\"og:url\" content=\"https:\/\/imarco.eu\/de\/sicherheit-gesundheit-und-umwelt\/\" \/>\n<meta property=\"og:site_name\" content=\"IMARCO\" \/>\n<meta property=\"article:modified_time\" content=\"2023-09-12T10:20:19+00:00\" \/>\n<meta name=\"twitter:card\" content=\"summary_large_image\" \/>\n<meta name=\"twitter:label1\" content=\"Gesch\u00e4tzte Lesezeit\" \/>\n\t<meta name=\"twitter:data1\" content=\"4\u00a0Minuten\" \/>\n<script type=\"application\/ld+json\" class=\"yoast-schema-graph\">{\"@context\":\"https:\\\/\\\/schema.org\",\"@graph\":[{\"@type\":\"WebPage\",\"@id\":\"https:\\\/\\\/imarco.eu\\\/de\\\/sicherheit-gesundheit-und-umwelt\\\/\",\"url\":\"https:\\\/\\\/imarco.eu\\\/de\\\/sicherheit-gesundheit-und-umwelt\\\/\",\"name\":\"Sicherheit, Gesundheit und Umwelt - IMARCO\",\"isPartOf\":{\"@id\":\"https:\\\/\\\/imarco.eu\\\/de\\\/#website\"},\"datePublished\":\"2023-09-12T10:20:18+00:00\",\"dateModified\":\"2023-09-12T10:20:19+00:00\",\"breadcrumb\":{\"@id\":\"https:\\\/\\\/imarco.eu\\\/de\\\/sicherheit-gesundheit-und-umwelt\\\/#breadcrumb\"},\"inLanguage\":\"de\",\"potentialAction\":[{\"@type\":\"ReadAction\",\"target\":[\"https:\\\/\\\/imarco.eu\\\/de\\\/sicherheit-gesundheit-und-umwelt\\\/\"]}]},{\"@type\":\"BreadcrumbList\",\"@id\":\"https:\\\/\\\/imarco.eu\\\/de\\\/sicherheit-gesundheit-und-umwelt\\\/#breadcrumb\",\"itemListElement\":[{\"@type\":\"ListItem\",\"position\":1,\"name\":\"Home\",\"item\":\"https:\\\/\\\/imarco.eu\\\/de\\\/\"},{\"@type\":\"ListItem\",\"position\":2,\"name\":\"Sicherheit, Gesundheit und Umwelt\"}]},{\"@type\":\"WebSite\",\"@id\":\"https:\\\/\\\/imarco.eu\\\/de\\\/#website\",\"url\":\"https:\\\/\\\/imarco.eu\\\/de\\\/\",\"name\":\"IMARCO\",\"description\":\"\",\"potentialAction\":[{\"@type\":\"SearchAction\",\"target\":{\"@type\":\"EntryPoint\",\"urlTemplate\":\"https:\\\/\\\/imarco.eu\\\/de\\\/?s={search_term_string}\"},\"query-input\":{\"@type\":\"PropertyValueSpecification\",\"valueRequired\":true,\"valueName\":\"search_term_string\"}}],\"inLanguage\":\"de\"}]}<\/script>\n<!-- \/ Yoast SEO plugin. -->","yoast_head_json":{"title":"Sicherheit, Gesundheit und Umwelt - IMARCO","robots":{"index":"index","follow":"follow","max-snippet":"max-snippet:-1","max-image-preview":"max-image-preview:large","max-video-preview":"max-video-preview:-1"},"canonical":"https:\/\/imarco.eu\/de\/sicherheit-gesundheit-und-umwelt\/","og_locale":"de_DE","og_type":"article","og_title":"Sicherheit, Gesundheit und Umwelt - IMARCO","og_description":"[vc_row margintop=&#8221;12.6vw&#8221; marginbottom=&#8221;12.6vw&#8221; mmargintop=&#8221;17vw&#8221; mmarginbottom=&#8221;17vw&#8221; marginheader=&#8221;&#8221; paddingheader=&#8221;&#8221; lmarginheader=&#8221;&#8221; lpaddingheader=&#8221;&#8221; tmarginheader=&#8221;&#8221; tpaddingheader=&#8221;&#8221; mmarginheader=&#8221;&#8221; mpaddingheader=&#8221;&#8221; fullscreenslide=&#8221;true&#8221; el_class=&#8221;title-row&#8221;][vc_column][vc_column_text] Engagement f\u00fcr Sicherheit, Gesundheit und Umwelt [\/vc_column_text][\/vc_column][\/vc_row][vc_row][vc_column css_animation=&#8221;fadeInUp&#8221; width=&#8221;5\/12&#8243; marginHeader=&#8221;&#8221; paddingHeader=&#8221;&#8221; lmarginHeader=&#8221;&#8221; lpaddingHeader=&#8221;&#8221; tmarginHeader=&#8221;&#8221; tpaddingHeader=&#8221;&#8221; mmarginHeader=&#8221;&#8221; mpaddingHeader=&#8221;&#8221; marginheader=&#8221;&#8221; paddingheader=&#8221;&#8221; lmarginheader=&#8221;&#8221; lpaddingheader=&#8221;&#8221; tmarginheader=&#8221;&#8221; tpaddingheader=&#8221;&#8221; mmarginheader=&#8221;&#8221; mpaddingheader=&#8221;&#8221; offset=&#8221;vc_col-md-offset-2 vc_col-md-4 vc_col-sm-offset-1 vc_col-xs-12&#8243;][vc_column_text]Bei Imarco B.V. freuen wir uns, mitteilen zu k\u00f6nnen, dass wir seit [&hellip;]","og_url":"https:\/\/imarco.eu\/de\/sicherheit-gesundheit-und-umwelt\/","og_site_name":"IMARCO","article_modified_time":"2023-09-12T10:20:19+00:00","twitter_card":"summary_large_image","twitter_misc":{"Gesch\u00e4tzte Lesezeit":"4\u00a0Minuten"},"schema":{"@context":"https:\/\/schema.org","@graph":[{"@type":"WebPage","@id":"https:\/\/imarco.eu\/de\/sicherheit-gesundheit-und-umwelt\/","url":"https:\/\/imarco.eu\/de\/sicherheit-gesundheit-und-umwelt\/","name":"Sicherheit, Gesundheit und Umwelt - IMARCO","isPartOf":{"@id":"https:\/\/imarco.eu\/de\/#website"},"datePublished":"2023-09-12T10:20:18+00:00","dateModified":"2023-09-12T10:20:19+00:00","breadcrumb":{"@id":"https:\/\/imarco.eu\/de\/sicherheit-gesundheit-und-umwelt\/#breadcrumb"},"inLanguage":"de","potentialAction":[{"@type":"ReadAction","target":["https:\/\/imarco.eu\/de\/sicherheit-gesundheit-und-umwelt\/"]}]},{"@type":"BreadcrumbList","@id":"https:\/\/imarco.eu\/de\/sicherheit-gesundheit-und-umwelt\/#breadcrumb","itemListElement":[{"@type":"ListItem","position":1,"name":"Home","item":"https:\/\/imarco.eu\/de\/"},{"@type":"ListItem","position":2,"name":"Sicherheit, Gesundheit und Umwelt"}]},{"@type":"WebSite","@id":"https:\/\/imarco.eu\/de\/#website","url":"https:\/\/imarco.eu\/de\/","name":"IMARCO","description":"","potentialAction":[{"@type":"SearchAction","target":{"@type":"EntryPoint","urlTemplate":"https:\/\/imarco.eu\/de\/?s={search_term_string}"},"query-input":{"@type":"PropertyValueSpecification","valueRequired":true,"valueName":"search_term_string"}}],"inLanguage":"de"}]}},"_links":{"self":[{"href":"https:\/\/imarco.eu\/de\/wp-json\/wp\/v2\/pages\/27575","targetHints":{"allow":["GET"]}}],"collection":[{"href":"https:\/\/imarco.eu\/de\/wp-json\/wp\/v2\/pages"}],"about":[{"href":"https:\/\/imarco.eu\/de\/wp-json\/wp\/v2\/types\/page"}],"author":[{"embeddable":true,"href":"https:\/\/imarco.eu\/de\/wp-json\/wp\/v2\/users\/1"}],"replies":[{"embeddable":true,"href":"https:\/\/imarco.eu\/de\/wp-json\/wp\/v2\/comments?post=27575"}],"version-history":[{"count":2,"href":"https:\/\/imarco.eu\/de\/wp-json\/wp\/v2\/pages\/27575\/revisions"}],"predecessor-version":[{"id":27577,"href":"https:\/\/imarco.eu\/de\/wp-json\/wp\/v2\/pages\/27575\/revisions\/27577"}],"wp:attachment":[{"href":"https:\/\/imarco.eu\/de\/wp-json\/wp\/v2\/media?parent=27575"}],"curies":[{"name":"wp","href":"https:\/\/api.w.org\/{rel}","templated":true}]}}