{"id":671,"date":"2019-03-15T10:33:56","date_gmt":"2019-03-15T10:33:56","guid":{"rendered":"https:\/\/imarco.eu\/uber-uns\/"},"modified":"2019-03-21T11:42:09","modified_gmt":"2019-03-21T11:42:09","slug":"uber-uns","status":"publish","type":"page","link":"https:\/\/imarco.eu\/de\/uber-uns\/","title":{"rendered":"\u00dcber uns"},"content":{"rendered":"<div class=\"wpb-content-wrapper\"><p>[vc_row equal_height=&#8221;yes&#8221; content_placement=&#8221;middle&#8221; marginbottom=&#8221;7.29167vw&#8221; marginheader=&#8221;&#8221; paddingheader=&#8221;&#8221; lmarginheader=&#8221;&#8221; lpaddingheader=&#8221;&#8221; tmarginheader=&#8221;&#8221; tpaddingheader=&#8221;&#8221; mmarginheader=&#8221;&#8221; mpaddingheader=&#8221;&#8221; fullscreenslide=&#8221;true&#8221;][vc_column width=&#8221;1\/2&#8243; marginheader=&#8221;&#8221; paddingheader=&#8221;&#8221; lmarginheader=&#8221;&#8221; lpaddingheader=&#8221;&#8221; tmarginheader=&#8221;&#8221; tpaddingheader=&#8221;&#8221; mmarginheader=&#8221;&#8221; mpaddingheader=&#8221;&#8221; el_class=&#8221;yellow-block yellow-block&#8211;left&#8221;][vc_column_text]<\/p>\n<h2>\u00dcber Imarco <strong>\u00dcBER UNS<\/strong><\/h2>\n<p>[\/vc_column_text][vc_column_text]Imarco ist stolz auf seine Kollektion qualitativ hochwertiger Keramikfliesen- und Marmorkompositb\u00f6den. Seit \u00fcber vierzig Jahren gew\u00e4hrleistet die Verbindung unseres Produktangebots mit den Kenntnissen unseres Teams aus Professionals eine perfekte Kombination.[\/vc_column_text][\/vc_column][vc_column width=&#8221;1\/2&#8243; marginheader=&#8221;&#8221; paddingheader=&#8221;&#8221; lmarginheader=&#8221;&#8221; lpaddingheader=&#8221;&#8221; tmarginheader=&#8221;&#8221; tpaddingheader=&#8221;&#8221; mmarginheader=&#8221;&#8221; mpaddingheader=&#8221;&#8221; el_class=&#8221;single-title-block single-title-block&#8211;right hide-mobile&#8221;][vc_column_text]<\/p>\n<h4>Alles unter einem Dach<\/h4>\n<p>[\/vc_column_text][\/vc_column][\/vc_row][vc_row margintop=&#8221;10vw&#8221; marginbottom=&#8221;10vw&#8221; mmargintop=&#8221;100px&#8221; marginheader=&#8221;&#8221; paddingheader=&#8221;&#8221; lmarginheader=&#8221;&#8221; lpaddingheader=&#8221;&#8221; tmarginheader=&#8221;&#8221; tpaddingheader=&#8221;&#8221; mmarginheader=&#8221;&#8221; mpaddingheader=&#8221;&#8221; fullscreenslide=&#8221;true&#8221; el_class=&#8221;title-row title-row&#8211;no-subtitle&#8221;][vc_column][vc_column_text]<\/p>\n<h2>Rundumservice<\/h2>\n<p>[\/vc_column_text][\/vc_column][\/vc_row][vc_row equal_height=&#8221;yes&#8221; mmargintop=&#8221;100px&#8221; marginheader=&#8221;&#8221; paddingheader=&#8221;&#8221; lmarginheader=&#8221;&#8221; lpaddingheader=&#8221;&#8221; tmarginheader=&#8221;&#8221; tpaddingheader=&#8221;&#8221; mmarginheader=&#8221;&#8221; mpaddingheader=&#8221;&#8221;][vc_column width=&#8221;1\/2&#8243; marginheader=&#8221;&#8221; paddingheader=&#8221;&#8221; lmarginheader=&#8221;&#8221; lpaddingheader=&#8221;&#8221; tmarginheader=&#8221;&#8221; tpaddingheader=&#8221;&#8221; mmarginheader=&#8221;&#8221; mpaddingheader=&#8221;&#8221; el_class=&#8221;text-block&#8221;][vc_column_text]<\/p>\n<h4>Hochwertige Luxusb\u00f6den<\/h4>\n<p>Leidenschaft und Perfektion machen Imarco zum besten Rundum-Fliesenleger der Niederlande. Seit Jahren liefern wir hochwertige B\u00f6den f\u00fcr Flugh\u00e4fen, Einkaufszentren und Showrooms und Autoh\u00e4user. Die B\u00f6den von Imarco sind f\u00fchrend im Einzelhandel, im Food- und Non-Food-Sektor sowie in der Automobilbranche und sorgen immer f\u00fcr die richtige Atmosph\u00e4re.[\/vc_column_text][\/vc_column][vc_column width=&#8221;1\/2&#8243; marginheader=&#8221;&#8221; paddingheader=&#8221;&#8221; lmarginheader=&#8221;&#8221; lpaddingheader=&#8221;&#8221; tmarginheader=&#8221;&#8221; tpaddingheader=&#8221;&#8221; mmarginheader=&#8221;&#8221; mpaddingheader=&#8221;&#8221; css=&#8221;.vc_custom_1551878362707{background-image: url(https:\/\/imarco.eu\/wp-content\/uploads\/2019\/03\/tegellegger_web.jpg?id=417) !important;background-position: center !important;background-repeat: no-repeat !important;background-size: cover !important;}&#8221; el_class=&#8221;col-order-tablet-before&#8221;][vc_empty_space height=&#8221;200px&#8221;][\/vc_column][\/vc_row][vc_row margintop=&#8221;10vw&#8221; marginbottom=&#8221;10vw&#8221; mmargintop=&#8221;100px&#8221; mmarginbottom=&#8221;100px&#8221; marginheader=&#8221;&#8221; paddingheader=&#8221;&#8221; lmarginheader=&#8221;&#8221; lpaddingheader=&#8221;&#8221; tmarginheader=&#8221;&#8221; tpaddingheader=&#8221;&#8221; mmarginheader=&#8221;&#8221; mpaddingheader=&#8221;&#8221; fullscreenslide=&#8221;true&#8221; el_class=&#8221;title-row title-row&#8211;no-subtitle&#8221;][vc_column][vc_column_text]<\/p>\n<h2>Alles unter einem Dach<\/h2>\n<p>[\/vc_column_text][\/vc_column][\/vc_row][vc_row content_placement=&#8221;middle&#8221; marginheader=&#8221;&#8221; paddingheader=&#8221;&#8221; lmarginheader=&#8221;&#8221; lpaddingheader=&#8221;&#8221; tmarginheader=&#8221;&#8221; tpaddingheader=&#8221;&#8221; mmarginheader=&#8221;&#8221; mpaddingheader=&#8221;&#8221;][vc_column width=&#8221;3\/4&#8243; marginheader=&#8221;&#8221; paddingheader=&#8221;&#8221; lmarginheader=&#8221;&#8221; lpaddingheader=&#8221;&#8221; tmarginheader=&#8221;&#8221; tpaddingheader=&#8221;&#8221; mmarginheader=&#8221;&#8221; mpaddingheader=&#8221;&#8221; el_class=&#8221;double-text-block&#8221;][vc_column_text]<\/p>\n<h4>Der perfekte Dienstleister<\/h4>\n<p>[\/vc_column_text][vc_row_inner el_class=&#8221;about-column-row&#8221;][vc_column_inner][vc_column_text]Eine umfassende Bodenverlegung beginnt beim Entwurf. Wir suchen gemeinsam mit Ihnen die richtige Fliese aus und k\u00fcmmern uns um die vorbereitenden Arbeiten, die Verlegung der Fliesen und die Fertigstellung. Dabei verlieren wir auch die Umgebung des Bodens nicht aus dem Auge: Treppen, Schwellen und geflieste W\u00e4nde, denn auch darin ist Imarco der perfekte Partner f\u00fcr Sie und Ihren Bauunternehmer. Unsere B\u00f6den k\u00f6nnen bei Bedarf gereinigt und impr\u00e4gniert geliefert werden. Der Boden ist in dem Fall direkt einsatzbereit.[\/vc_column_text][\/vc_column_inner][\/vc_row_inner][\/vc_column][vc_column width=&#8221;1\/4&#8243; marginheader=&#8221;&#8221; paddingheader=&#8221;&#8221; lmarginheader=&#8221;&#8221; lpaddingheader=&#8221;&#8221; tmarginheader=&#8221;&#8221; tpaddingheader=&#8221;&#8221; mmarginheader=&#8221;&#8221; mpaddingheader=&#8221;&#8221; el_class=&#8221;yellow-block yellow-block&#8211;small&#8221;][vc_column_text]<\/p>\n<h2>Sehen &amp; Erleben<\/h2>\n<p>Wir haben einen beeindruckenden Showroom, in dem wir eine breite Skala an Produkten pr\u00e4sentieren k\u00f6nnen. Rufen Sie uns an f\u00fcr einen Termin oder kommen Sie uns besuchen![\/vc_column_text]\t<a class=\"imarco_button imarco_button--right\" href=\"https:\/\/imarco.eu\/de\/kontakt\/\" style=\"color: #e2bc0b\">\n\t\tKontakt\t\t<div class=\"arrow\" style=\"border-color: #e2bc0b\"><\/div>\n\t<\/a>\n\t[\/vc_column][\/vc_row][vc_row marginheader=&#8221;&#8221; paddingheader=&#8221;&#8221; lmarginheader=&#8221;&#8221; lpaddingheader=&#8221;&#8221; tmarginheader=&#8221;&#8221; tpaddingheader=&#8221;&#8221; mmarginheader=&#8221;&#8221; mpaddingheader=&#8221;&#8221; el_class=&#8221;plus-row&#8221;][vc_column][vc_empty_space height=&#8221;20vw&#8221;][\/vc_column][\/vc_row]<\/p>\n<\/div>","protected":false},"excerpt":{"rendered":"<p>[vc_row equal_height=&#8221;yes&#8221; content_placement=&#8221;middle&#8221; marginbottom=&#8221;7.29167vw&#8221; marginheader=&#8221;&#8221; paddingheader=&#8221;&#8221; lmarginheader=&#8221;&#8221; lpaddingheader=&#8221;&#8221; tmarginheader=&#8221;&#8221; tpaddingheader=&#8221;&#8221; mmarginheader=&#8221;&#8221; mpaddingheader=&#8221;&#8221; fullscreenslide=&#8221;true&#8221;][vc_column width=&#8221;1\/2&#8243; marginheader=&#8221;&#8221; paddingheader=&#8221;&#8221; lmarginheader=&#8221;&#8221; lpaddingheader=&#8221;&#8221; tmarginheader=&#8221;&#8221; tpaddingheader=&#8221;&#8221; mmarginheader=&#8221;&#8221; mpaddingheader=&#8221;&#8221; el_class=&#8221;yellow-block yellow-block&#8211;left&#8221;][vc_column_text] \u00dcber Imarco \u00dcBER UNS [\/vc_column_text][vc_column_text]Imarco ist stolz auf seine Kollektion qualitativ hochwertiger Keramikfliesen- und Marmorkompositb\u00f6den. Seit \u00fcber vierzig Jahren gew\u00e4hrleistet die Verbindung unseres Produktangebots mit den Kenntnissen unseres Teams aus Professionals [&hellip;]<\/p>\n","protected":false},"author":1,"featured_media":0,"parent":0,"menu_order":2,"comment_status":"closed","ping_status":"closed","template":"","meta":{"_acf_changed":false,"footnotes":""},"class_list":["post-671","page","type-page","status-publish","hentry"],"acf":[],"yoast_head":"<!-- This site is optimized with the Yoast SEO plugin v27.3 - https:\/\/yoast.com\/product\/yoast-seo-wordpress\/ -->\n<title>\u00dcber uns - IMARCO<\/title>\n<meta name=\"robots\" content=\"index, follow, max-snippet:-1, max-image-preview:large, max-video-preview:-1\" \/>\n<link rel=\"canonical\" href=\"https:\/\/imarco.eu\/de\/uber-uns\/\" \/>\n<meta property=\"og:locale\" content=\"de_DE\" \/>\n<meta property=\"og:type\" content=\"article\" \/>\n<meta property=\"og:title\" content=\"\u00dcber uns - IMARCO\" \/>\n<meta property=\"og:description\" content=\"[vc_row equal_height=&#8221;yes&#8221; content_placement=&#8221;middle&#8221; marginbottom=&#8221;7.29167vw&#8221; marginheader=&#8221;&#8221; paddingheader=&#8221;&#8221; lmarginheader=&#8221;&#8221; lpaddingheader=&#8221;&#8221; tmarginheader=&#8221;&#8221; tpaddingheader=&#8221;&#8221; mmarginheader=&#8221;&#8221; mpaddingheader=&#8221;&#8221; fullscreenslide=&#8221;true&#8221;][vc_column width=&#8221;1\/2&#8243; marginheader=&#8221;&#8221; paddingheader=&#8221;&#8221; lmarginheader=&#8221;&#8221; lpaddingheader=&#8221;&#8221; tmarginheader=&#8221;&#8221; tpaddingheader=&#8221;&#8221; mmarginheader=&#8221;&#8221; mpaddingheader=&#8221;&#8221; el_class=&#8221;yellow-block yellow-block&#8211;left&#8221;][vc_column_text] \u00dcber Imarco \u00dcBER UNS [\/vc_column_text][vc_column_text]Imarco ist stolz auf seine Kollektion qualitativ hochwertiger Keramikfliesen- und Marmorkompositb\u00f6den. Seit \u00fcber vierzig Jahren gew\u00e4hrleistet die Verbindung unseres Produktangebots mit den Kenntnissen unseres Teams aus Professionals [&hellip;]\" \/>\n<meta property=\"og:url\" content=\"https:\/\/imarco.eu\/de\/uber-uns\/\" \/>\n<meta property=\"og:site_name\" content=\"IMARCO\" \/>\n<meta property=\"article:modified_time\" content=\"2019-03-21T11:42:09+00:00\" \/>\n<meta name=\"twitter:card\" content=\"summary_large_image\" \/>\n<meta name=\"twitter:label1\" content=\"Gesch\u00e4tzte Lesezeit\" \/>\n\t<meta name=\"twitter:data1\" content=\"3\u00a0Minuten\" \/>\n<script type=\"application\/ld+json\" class=\"yoast-schema-graph\">{\"@context\":\"https:\\\/\\\/schema.org\",\"@graph\":[{\"@type\":\"WebPage\",\"@id\":\"https:\\\/\\\/imarco.eu\\\/de\\\/uber-uns\\\/\",\"url\":\"https:\\\/\\\/imarco.eu\\\/de\\\/uber-uns\\\/\",\"name\":\"\u00dcber uns - IMARCO\",\"isPartOf\":{\"@id\":\"https:\\\/\\\/imarco.eu\\\/de\\\/#website\"},\"datePublished\":\"2019-03-15T10:33:56+00:00\",\"dateModified\":\"2019-03-21T11:42:09+00:00\",\"breadcrumb\":{\"@id\":\"https:\\\/\\\/imarco.eu\\\/de\\\/uber-uns\\\/#breadcrumb\"},\"inLanguage\":\"de\",\"potentialAction\":[{\"@type\":\"ReadAction\",\"target\":[\"https:\\\/\\\/imarco.eu\\\/de\\\/uber-uns\\\/\"]}]},{\"@type\":\"BreadcrumbList\",\"@id\":\"https:\\\/\\\/imarco.eu\\\/de\\\/uber-uns\\\/#breadcrumb\",\"itemListElement\":[{\"@type\":\"ListItem\",\"position\":1,\"name\":\"Home\",\"item\":\"https:\\\/\\\/imarco.eu\\\/de\\\/\"},{\"@type\":\"ListItem\",\"position\":2,\"name\":\"\u00dcber uns\"}]},{\"@type\":\"WebSite\",\"@id\":\"https:\\\/\\\/imarco.eu\\\/de\\\/#website\",\"url\":\"https:\\\/\\\/imarco.eu\\\/de\\\/\",\"name\":\"IMARCO\",\"description\":\"\",\"potentialAction\":[{\"@type\":\"SearchAction\",\"target\":{\"@type\":\"EntryPoint\",\"urlTemplate\":\"https:\\\/\\\/imarco.eu\\\/de\\\/?s={search_term_string}\"},\"query-input\":{\"@type\":\"PropertyValueSpecification\",\"valueRequired\":true,\"valueName\":\"search_term_string\"}}],\"inLanguage\":\"de\"}]}<\/script>\n<!-- \/ Yoast SEO plugin. -->","yoast_head_json":{"title":"\u00dcber uns - IMARCO","robots":{"index":"index","follow":"follow","max-snippet":"max-snippet:-1","max-image-preview":"max-image-preview:large","max-video-preview":"max-video-preview:-1"},"canonical":"https:\/\/imarco.eu\/de\/uber-uns\/","og_locale":"de_DE","og_type":"article","og_title":"\u00dcber uns - IMARCO","og_description":"[vc_row equal_height=&#8221;yes&#8221; content_placement=&#8221;middle&#8221; marginbottom=&#8221;7.29167vw&#8221; marginheader=&#8221;&#8221; paddingheader=&#8221;&#8221; lmarginheader=&#8221;&#8221; lpaddingheader=&#8221;&#8221; tmarginheader=&#8221;&#8221; tpaddingheader=&#8221;&#8221; mmarginheader=&#8221;&#8221; mpaddingheader=&#8221;&#8221; fullscreenslide=&#8221;true&#8221;][vc_column width=&#8221;1\/2&#8243; marginheader=&#8221;&#8221; paddingheader=&#8221;&#8221; lmarginheader=&#8221;&#8221; lpaddingheader=&#8221;&#8221; tmarginheader=&#8221;&#8221; tpaddingheader=&#8221;&#8221; mmarginheader=&#8221;&#8221; mpaddingheader=&#8221;&#8221; el_class=&#8221;yellow-block yellow-block&#8211;left&#8221;][vc_column_text] \u00dcber Imarco \u00dcBER UNS [\/vc_column_text][vc_column_text]Imarco ist stolz auf seine Kollektion qualitativ hochwertiger Keramikfliesen- und Marmorkompositb\u00f6den. Seit \u00fcber vierzig Jahren gew\u00e4hrleistet die Verbindung unseres Produktangebots mit den Kenntnissen unseres Teams aus Professionals [&hellip;]","og_url":"https:\/\/imarco.eu\/de\/uber-uns\/","og_site_name":"IMARCO","article_modified_time":"2019-03-21T11:42:09+00:00","twitter_card":"summary_large_image","twitter_misc":{"Gesch\u00e4tzte Lesezeit":"3\u00a0Minuten"},"schema":{"@context":"https:\/\/schema.org","@graph":[{"@type":"WebPage","@id":"https:\/\/imarco.eu\/de\/uber-uns\/","url":"https:\/\/imarco.eu\/de\/uber-uns\/","name":"\u00dcber uns - IMARCO","isPartOf":{"@id":"https:\/\/imarco.eu\/de\/#website"},"datePublished":"2019-03-15T10:33:56+00:00","dateModified":"2019-03-21T11:42:09+00:00","breadcrumb":{"@id":"https:\/\/imarco.eu\/de\/uber-uns\/#breadcrumb"},"inLanguage":"de","potentialAction":[{"@type":"ReadAction","target":["https:\/\/imarco.eu\/de\/uber-uns\/"]}]},{"@type":"BreadcrumbList","@id":"https:\/\/imarco.eu\/de\/uber-uns\/#breadcrumb","itemListElement":[{"@type":"ListItem","position":1,"name":"Home","item":"https:\/\/imarco.eu\/de\/"},{"@type":"ListItem","position":2,"name":"\u00dcber uns"}]},{"@type":"WebSite","@id":"https:\/\/imarco.eu\/de\/#website","url":"https:\/\/imarco.eu\/de\/","name":"IMARCO","description":"","potentialAction":[{"@type":"SearchAction","target":{"@type":"EntryPoint","urlTemplate":"https:\/\/imarco.eu\/de\/?s={search_term_string}"},"query-input":{"@type":"PropertyValueSpecification","valueRequired":true,"valueName":"search_term_string"}}],"inLanguage":"de"}]}},"_links":{"self":[{"href":"https:\/\/imarco.eu\/de\/wp-json\/wp\/v2\/pages\/671","targetHints":{"allow":["GET"]}}],"collection":[{"href":"https:\/\/imarco.eu\/de\/wp-json\/wp\/v2\/pages"}],"about":[{"href":"https:\/\/imarco.eu\/de\/wp-json\/wp\/v2\/types\/page"}],"author":[{"embeddable":true,"href":"https:\/\/imarco.eu\/de\/wp-json\/wp\/v2\/users\/1"}],"replies":[{"embeddable":true,"href":"https:\/\/imarco.eu\/de\/wp-json\/wp\/v2\/comments?post=671"}],"version-history":[{"count":4,"href":"https:\/\/imarco.eu\/de\/wp-json\/wp\/v2\/pages\/671\/revisions"}],"predecessor-version":[{"id":1005,"href":"https:\/\/imarco.eu\/de\/wp-json\/wp\/v2\/pages\/671\/revisions\/1005"}],"wp:attachment":[{"href":"https:\/\/imarco.eu\/de\/wp-json\/wp\/v2\/media?parent=671"}],"curies":[{"name":"wp","href":"https:\/\/api.w.org\/{rel}","templated":true}]}}