{"id":679,"date":"2019-03-15T10:37:26","date_gmt":"2019-03-15T10:37:26","guid":{"rendered":"https:\/\/imarco.eu\/kontakt\/"},"modified":"2023-09-12T10:52:46","modified_gmt":"2023-09-12T10:52:46","slug":"kontakt","status":"publish","type":"page","link":"https:\/\/imarco.eu\/de\/kontakt\/","title":{"rendered":"Kontakt"},"content":{"rendered":"<div class=\"wpb-content-wrapper\"><p>[vc_row full_width=&#8221;stretch_row_content_no_spaces&#8221; margintop=&#8221;7vw&#8221; marginheader=&#8221;&#8221; paddingheader=&#8221;&#8221; lmarginheader=&#8221;&#8221; lpaddingheader=&#8221;&#8221; tmarginheader=&#8221;&#8221; tpaddingheader=&#8221;&#8221; mmarginheader=&#8221;&#8221; mpaddingheader=&#8221;&#8221; el_class=&#8221;contact-header&#8221;][vc_column][vc_column_text]<\/p>\n<h2>Fliesenb\u00f6den der n\u00e4chsten Generation.<\/h2>\n<p>[\/vc_column_text][vc_empty_space height=&#8221;1vw&#8221;][vc_column_text]In unserem Showroom in Montfoort zeigen wir Ihnen gerne eine Breite Skala an Produkten.<br \/>\nRufen Sie uns an f\u00fcr einen Termin oder kommen Sie uns besuchen![\/vc_column_text][vc_empty_space height=&#8221;2vw&#8221;][vc_column_text]Imarco Deutschland<\/p>\n<ul>\n<li>Hoffmannallee 41-51, 475433 Kleve (DE)<\/li>\n<\/ul>\n<ul>\n<li><a href=\"tel:+491721649012\">+49 (0)172 164 9012<\/a><\/li>\n<\/ul>\n<ul>\n<li><a href=\"mailto:info@imarco-deutschland.de\">info@imarco-deutschland.de<\/a><\/li>\n<\/ul>\n<p>Imarco Belgien<\/p>\n<ul>\n<li>Gouverneur Roppesingel 83, B-3500 Hasselt (BE)<\/li>\n<\/ul>\n<ul>\n<li><a href=\"tel:+32495108671\">+32 (0)495 108 671<\/a><\/li>\n<\/ul>\n<ul>\n<li><a href=\"mailto:info@imarco-belgie.be\">info@imarco-belgie.be<\/a><\/li>\n<\/ul>\n<p>Imarco Niederlande<\/p>\n<ul>\n<li>Tasveld 11, 3417 XS Montfoort<\/li>\n<\/ul>\n<ul>\n<li><a href=\"tel:+31348411800\">+31 (0)348 411800<\/a><\/li>\n<\/ul>\n<ul>\n<li><a href=\"mailto:verkoop@imarco.nl\">verkoop@imarco.nl<\/a><\/li>\n<\/ul>\n<p>&nbsp;<\/p>\n<p>Imarco Frankreich<\/p>\n<ul>\n<li>Tasveld 11, 3417 XS Montfoort<\/li>\n<\/ul>\n<ul>\n<li><a href=\"tel:+32494553678\">+32 (0)494 553 678<\/a><\/li>\n<\/ul>\n<ul>\n<li><a href=\"mailto:info@imarco.fr\">info@imarco.fr<\/a><\/li>\n<\/ul>\n<p>[\/vc_column_text][\/vc_column][\/vc_row][vc_row marginheader=&#8221;&#8221; paddingheader=&#8221;&#8221; lmarginheader=&#8221;&#8221; lpaddingheader=&#8221;&#8221; tmarginheader=&#8221;&#8221; tpaddingheader=&#8221;&#8221; mmarginheader=&#8221;&#8221; mpaddingheader=&#8221;&#8221; el_class=&#8221;yellow-block yellow-block&#8211;contact&#8221;][vc_column]\n<div class=\"wpcf7 no-js\" id=\"wpcf7-f954-o1\" lang=\"de-DE\" dir=\"ltr\" data-wpcf7-id=\"954\">\n<div class=\"screen-reader-response\"><p role=\"status\" aria-live=\"polite\" aria-atomic=\"true\"><\/p> <ul><\/ul><\/div>\n<form action=\"\/de\/wp-json\/wp\/v2\/pages\/679#wpcf7-f954-o1\" method=\"post\" class=\"wpcf7-form init\" aria-label=\"Kontaktformular\" novalidate=\"novalidate\" data-status=\"init\">\n<fieldset class=\"hidden-fields-container\"><input type=\"hidden\" name=\"_wpcf7\" value=\"954\" \/><input type=\"hidden\" name=\"_wpcf7_version\" value=\"6.1.5\" \/><input type=\"hidden\" name=\"_wpcf7_locale\" value=\"de_DE\" \/><input type=\"hidden\" name=\"_wpcf7_unit_tag\" value=\"wpcf7-f954-o1\" \/><input type=\"hidden\" name=\"_wpcf7_container_post\" value=\"0\" \/><input type=\"hidden\" name=\"_wpcf7_posted_data_hash\" value=\"\" \/><input type=\"hidden\" name=\"_wpcf7_recaptcha_response\" value=\"\" \/>\n<\/fieldset>\n<div class=\"row\">\r\n    <div class=\"col-6 col-mobile-12\">\r\n        <span class=\"wpcf7-form-control-wrap\" data-name=\"your-name\"><input size=\"40\" maxlength=\"400\" class=\"wpcf7-form-control wpcf7-text wpcf7-validates-as-required\" aria-required=\"true\" aria-invalid=\"false\" placeholder=\"Name\" value=\"\" type=\"text\" name=\"your-name\" \/><\/span>\r\n    <\/div>\r\n    <div class=\"col-6 col-mobile-12\">\r\n        <span class=\"wpcf7-form-control-wrap\" data-name=\"your-last-name\"><input size=\"40\" maxlength=\"400\" class=\"wpcf7-form-control wpcf7-text wpcf7-validates-as-required\" aria-required=\"true\" aria-invalid=\"false\" placeholder=\"Familienname\" value=\"\" type=\"text\" name=\"your-last-name\" \/><\/span>\r\n    <\/div>\r\n    <div class=\"col-6 col-mobile-12\">\r\n        <span class=\"wpcf7-form-control-wrap\" data-name=\"your-email\"><input size=\"40\" maxlength=\"400\" class=\"wpcf7-form-control wpcf7-email wpcf7-validates-as-required wpcf7-text wpcf7-validates-as-email\" aria-required=\"true\" aria-invalid=\"false\" placeholder=\"E-Mail\" value=\"\" type=\"email\" name=\"your-email\" \/><\/span>\r\n    <\/div>\r\n    <div class=\"col-6 col-mobile-12\">\r\n        <span class=\"wpcf7-form-control-wrap\" data-name=\"your-phone\"><input size=\"40\" maxlength=\"400\" class=\"wpcf7-form-control wpcf7-tel wpcf7-text wpcf7-validates-as-tel\" aria-invalid=\"false\" placeholder=\"Telefonnummer\" value=\"\" type=\"tel\" name=\"your-phone\" \/><\/span>\r\n    <\/div>\r\n    <div class=\"col-12\">\r\n        <span class=\"wpcf7-form-control-wrap\" data-name=\"your-message\"><textarea cols=\"40\" rows=\"10\" maxlength=\"2000\" class=\"wpcf7-form-control wpcf7-textarea\" aria-invalid=\"false\" placeholder=\"Bericht\" name=\"your-message\"><\/textarea><\/span>\r\n    <\/div>\r\n    <div class=\"col-12\">\r\n         Diese Website ist durch reCAPTCHA und das Google <a style=\"color: white;\" gesch\u00fctzt. href=\"https:\/\/policies.google.com\/privacy\">Datenschutzerkl\u00e4rung<\/a> und <a style=\"color: white;\" href=\"https:\/\/policies.google.com\/terms\">Nutzungsbedingungen<\/a> gelten.<br>\r\n     <\/div>\r\n    <div class=\"col-12 row row--between\">\r\n        <span class=\"wpcf7-form-control-wrap\" data-name=\"your-acceptance\"><span class=\"wpcf7-form-control wpcf7-acceptance\"><span class=\"wpcf7-list-item\"><label><input type=\"checkbox\" name=\"your-acceptance\" value=\"1\" aria-invalid=\"false\" \/><span class=\"wpcf7-list-item-label\">Ich m\u00f6chte regelm\u00e4\u00dfig den Bornfight-Newsletter mit aktuellen Neuigkeiten und Empfehlungen f\u00fcr den pers\u00f6nlichen und gesch\u00e4ftlichen Fortschritt \u00fcber Digitaltechnologie empfangen.<\/span><\/label><\/span><\/span><\/span>\r\n        <label class=\"imarco_button\">Senden<div class=\"arrow\"><\/div><input class=\"wpcf7-form-control wpcf7-submit has-spinner\" type=\"submit\" value=\"Senden\" \/><\/label>\r\n    <\/div>\r\n<\/div><div class=\"wpcf7-response-output\" aria-hidden=\"true\"><\/div>\n<\/form>\n<\/div>\n[\/vc_column][\/vc_row][vc_row full_width=&#8221;stretch_row_content_no_spaces&#8221; marginbottom=&#8221;1vw&#8221; marginheader=&#8221;&#8221; paddingheader=&#8221;&#8221; lmarginheader=&#8221;&#8221; lpaddingheader=&#8221;&#8221; tmarginheader=&#8221;&#8221; tpaddingheader=&#8221;&#8221; mmarginheader=&#8221;&#8221; mpaddingheader=&#8221;&#8221; el_class=&#8221;google-maps-row&#8221;][vc_column][vc_gmaps link=&#8221;#E-8_JTNDaWZyYW1lJTIwc3JjJTNEJTIyaHR0cHMlM0ElMkYlMkZzbmF6enltYXBzLmNvbSUyRmVtYmVkJTJGMzg3MzU5JTIyJTIwd2lkdGglM0QlMjIxMDAlMjUlMjIlMjBoZWlnaHQlM0QlMjI2MDBweCUyMiUyMHN0eWxlJTNEJTIyYm9yZGVyJTNBbm9uZSUzQiUyMiUzRSUzQyUyRmlmcmFtZSUzRQ==&#8221;][\/vc_column][\/vc_row]<\/p>\n<\/div>","protected":false},"excerpt":{"rendered":"<p>[vc_row full_width=&#8221;stretch_row_content_no_spaces&#8221; margintop=&#8221;7vw&#8221; marginheader=&#8221;&#8221; paddingheader=&#8221;&#8221; lmarginheader=&#8221;&#8221; lpaddingheader=&#8221;&#8221; tmarginheader=&#8221;&#8221; tpaddingheader=&#8221;&#8221; mmarginheader=&#8221;&#8221; mpaddingheader=&#8221;&#8221; el_class=&#8221;contact-header&#8221;][vc_column][vc_column_text] Fliesenb\u00f6den der n\u00e4chsten Generation. [\/vc_column_text][vc_empty_space height=&#8221;1vw&#8221;][vc_column_text]In unserem Showroom in Montfoort zeigen wir Ihnen gerne eine Breite Skala an Produkten. Rufen Sie uns an f\u00fcr einen Termin oder kommen Sie uns besuchen![\/vc_column_text][vc_empty_space height=&#8221;2vw&#8221;][vc_column_text]Imarco Deutschland Hoffmannallee 41-51, 475433 Kleve (DE) +49 (0)172 164 9012 info@imarco-deutschland.de [&hellip;]<\/p>\n","protected":false},"author":1,"featured_media":0,"parent":0,"menu_order":4,"comment_status":"closed","ping_status":"closed","template":"","meta":{"_acf_changed":false,"footnotes":""},"class_list":["post-679","page","type-page","status-publish","hentry"],"acf":[],"yoast_head":"<!-- This site is optimized with the Yoast SEO plugin v27.3 - https:\/\/yoast.com\/product\/yoast-seo-wordpress\/ -->\n<title>Kontakt - IMARCO<\/title>\n<meta name=\"robots\" content=\"index, follow, max-snippet:-1, max-image-preview:large, max-video-preview:-1\" \/>\n<link rel=\"canonical\" href=\"https:\/\/imarco.eu\/de\/kontakt\/\" \/>\n<meta property=\"og:locale\" content=\"de_DE\" \/>\n<meta property=\"og:type\" content=\"article\" \/>\n<meta property=\"og:title\" content=\"Kontakt - IMARCO\" \/>\n<meta property=\"og:description\" content=\"[vc_row full_width=&#8221;stretch_row_content_no_spaces&#8221; margintop=&#8221;7vw&#8221; marginheader=&#8221;&#8221; paddingheader=&#8221;&#8221; lmarginheader=&#8221;&#8221; lpaddingheader=&#8221;&#8221; tmarginheader=&#8221;&#8221; tpaddingheader=&#8221;&#8221; mmarginheader=&#8221;&#8221; mpaddingheader=&#8221;&#8221; el_class=&#8221;contact-header&#8221;][vc_column][vc_column_text] Fliesenb\u00f6den der n\u00e4chsten Generation. [\/vc_column_text][vc_empty_space height=&#8221;1vw&#8221;][vc_column_text]In unserem Showroom in Montfoort zeigen wir Ihnen gerne eine Breite Skala an Produkten. Rufen Sie uns an f\u00fcr einen Termin oder kommen Sie uns besuchen![\/vc_column_text][vc_empty_space height=&#8221;2vw&#8221;][vc_column_text]Imarco Deutschland Hoffmannallee 41-51, 475433 Kleve (DE) +49 (0)172 164 9012 info@imarco-deutschland.de [&hellip;]\" \/>\n<meta property=\"og:url\" content=\"https:\/\/imarco.eu\/de\/kontakt\/\" \/>\n<meta property=\"og:site_name\" content=\"IMARCO\" \/>\n<meta property=\"article:modified_time\" content=\"2023-09-12T10:52:46+00:00\" \/>\n<meta name=\"twitter:card\" content=\"summary_large_image\" \/>\n<meta name=\"twitter:label1\" content=\"Gesch\u00e4tzte Lesezeit\" \/>\n\t<meta name=\"twitter:data1\" content=\"1\u00a0Minute\" \/>\n<script type=\"application\/ld+json\" class=\"yoast-schema-graph\">{\"@context\":\"https:\\\/\\\/schema.org\",\"@graph\":[{\"@type\":\"WebPage\",\"@id\":\"https:\\\/\\\/imarco.eu\\\/de\\\/kontakt\\\/\",\"url\":\"https:\\\/\\\/imarco.eu\\\/de\\\/kontakt\\\/\",\"name\":\"Kontakt - IMARCO\",\"isPartOf\":{\"@id\":\"https:\\\/\\\/imarco.eu\\\/de\\\/#website\"},\"datePublished\":\"2019-03-15T10:37:26+00:00\",\"dateModified\":\"2023-09-12T10:52:46+00:00\",\"breadcrumb\":{\"@id\":\"https:\\\/\\\/imarco.eu\\\/de\\\/kontakt\\\/#breadcrumb\"},\"inLanguage\":\"de\",\"potentialAction\":[{\"@type\":\"ReadAction\",\"target\":[\"https:\\\/\\\/imarco.eu\\\/de\\\/kontakt\\\/\"]}]},{\"@type\":\"BreadcrumbList\",\"@id\":\"https:\\\/\\\/imarco.eu\\\/de\\\/kontakt\\\/#breadcrumb\",\"itemListElement\":[{\"@type\":\"ListItem\",\"position\":1,\"name\":\"Home\",\"item\":\"https:\\\/\\\/imarco.eu\\\/de\\\/\"},{\"@type\":\"ListItem\",\"position\":2,\"name\":\"Kontakt\"}]},{\"@type\":\"WebSite\",\"@id\":\"https:\\\/\\\/imarco.eu\\\/de\\\/#website\",\"url\":\"https:\\\/\\\/imarco.eu\\\/de\\\/\",\"name\":\"IMARCO\",\"description\":\"\",\"potentialAction\":[{\"@type\":\"SearchAction\",\"target\":{\"@type\":\"EntryPoint\",\"urlTemplate\":\"https:\\\/\\\/imarco.eu\\\/de\\\/?s={search_term_string}\"},\"query-input\":{\"@type\":\"PropertyValueSpecification\",\"valueRequired\":true,\"valueName\":\"search_term_string\"}}],\"inLanguage\":\"de\"}]}<\/script>\n<!-- \/ Yoast SEO plugin. -->","yoast_head_json":{"title":"Kontakt - IMARCO","robots":{"index":"index","follow":"follow","max-snippet":"max-snippet:-1","max-image-preview":"max-image-preview:large","max-video-preview":"max-video-preview:-1"},"canonical":"https:\/\/imarco.eu\/de\/kontakt\/","og_locale":"de_DE","og_type":"article","og_title":"Kontakt - IMARCO","og_description":"[vc_row full_width=&#8221;stretch_row_content_no_spaces&#8221; margintop=&#8221;7vw&#8221; marginheader=&#8221;&#8221; paddingheader=&#8221;&#8221; lmarginheader=&#8221;&#8221; lpaddingheader=&#8221;&#8221; tmarginheader=&#8221;&#8221; tpaddingheader=&#8221;&#8221; mmarginheader=&#8221;&#8221; mpaddingheader=&#8221;&#8221; el_class=&#8221;contact-header&#8221;][vc_column][vc_column_text] Fliesenb\u00f6den der n\u00e4chsten Generation. [\/vc_column_text][vc_empty_space height=&#8221;1vw&#8221;][vc_column_text]In unserem Showroom in Montfoort zeigen wir Ihnen gerne eine Breite Skala an Produkten. Rufen Sie uns an f\u00fcr einen Termin oder kommen Sie uns besuchen![\/vc_column_text][vc_empty_space height=&#8221;2vw&#8221;][vc_column_text]Imarco Deutschland Hoffmannallee 41-51, 475433 Kleve (DE) +49 (0)172 164 9012 info@imarco-deutschland.de [&hellip;]","og_url":"https:\/\/imarco.eu\/de\/kontakt\/","og_site_name":"IMARCO","article_modified_time":"2023-09-12T10:52:46+00:00","twitter_card":"summary_large_image","twitter_misc":{"Gesch\u00e4tzte Lesezeit":"1\u00a0Minute"},"schema":{"@context":"https:\/\/schema.org","@graph":[{"@type":"WebPage","@id":"https:\/\/imarco.eu\/de\/kontakt\/","url":"https:\/\/imarco.eu\/de\/kontakt\/","name":"Kontakt - IMARCO","isPartOf":{"@id":"https:\/\/imarco.eu\/de\/#website"},"datePublished":"2019-03-15T10:37:26+00:00","dateModified":"2023-09-12T10:52:46+00:00","breadcrumb":{"@id":"https:\/\/imarco.eu\/de\/kontakt\/#breadcrumb"},"inLanguage":"de","potentialAction":[{"@type":"ReadAction","target":["https:\/\/imarco.eu\/de\/kontakt\/"]}]},{"@type":"BreadcrumbList","@id":"https:\/\/imarco.eu\/de\/kontakt\/#breadcrumb","itemListElement":[{"@type":"ListItem","position":1,"name":"Home","item":"https:\/\/imarco.eu\/de\/"},{"@type":"ListItem","position":2,"name":"Kontakt"}]},{"@type":"WebSite","@id":"https:\/\/imarco.eu\/de\/#website","url":"https:\/\/imarco.eu\/de\/","name":"IMARCO","description":"","potentialAction":[{"@type":"SearchAction","target":{"@type":"EntryPoint","urlTemplate":"https:\/\/imarco.eu\/de\/?s={search_term_string}"},"query-input":{"@type":"PropertyValueSpecification","valueRequired":true,"valueName":"search_term_string"}}],"inLanguage":"de"}]}},"_links":{"self":[{"href":"https:\/\/imarco.eu\/de\/wp-json\/wp\/v2\/pages\/679","targetHints":{"allow":["GET"]}}],"collection":[{"href":"https:\/\/imarco.eu\/de\/wp-json\/wp\/v2\/pages"}],"about":[{"href":"https:\/\/imarco.eu\/de\/wp-json\/wp\/v2\/types\/page"}],"author":[{"embeddable":true,"href":"https:\/\/imarco.eu\/de\/wp-json\/wp\/v2\/users\/1"}],"replies":[{"embeddable":true,"href":"https:\/\/imarco.eu\/de\/wp-json\/wp\/v2\/comments?post=679"}],"version-history":[{"count":14,"href":"https:\/\/imarco.eu\/de\/wp-json\/wp\/v2\/pages\/679\/revisions"}],"predecessor-version":[{"id":27588,"href":"https:\/\/imarco.eu\/de\/wp-json\/wp\/v2\/pages\/679\/revisions\/27588"}],"wp:attachment":[{"href":"https:\/\/imarco.eu\/de\/wp-json\/wp\/v2\/media?parent=679"}],"curies":[{"name":"wp","href":"https:\/\/api.w.org\/{rel}","templated":true}]}}