{"id":9643,"date":"2022-04-05T12:28:16","date_gmt":"2022-04-05T12:28:16","guid":{"rendered":"https:\/\/imarco.eu\/datenschutz-bestimmungen\/"},"modified":"2022-04-11T12:06:28","modified_gmt":"2022-04-11T12:06:28","slug":"datenschutz-bestimmungen","status":"publish","type":"page","link":"https:\/\/imarco.eu\/de\/datenschutz-bestimmungen\/","title":{"rendered":"Datenschutz-Bestimmungen"},"content":{"rendered":"<div class=\"wpb-content-wrapper\"><p>[vc_row marginheader=&#8221;&#8221; paddingheader=&#8221;&#8221; lmarginheader=&#8221;&#8221; lpaddingheader=&#8221;&#8221; tmarginheader=&#8221;&#8221; tpaddingheader=&#8221;&#8221; mmarginheader=&#8221;&#8221; mpaddingheader=&#8221;&#8221; el_class=&#8221;cookie-row&#8221;][vc_column][vc_column_text]<\/p>\n<h1>Datenschutz-Bestimmungen<\/h1>\n<p>[\/vc_column_text][vc_column_text]Hier bei Imarco-deutschland.de oder imarco.eu\/de\/ m\u00f6chten wir lieber keine Benutzerinformationen speichern. Um unseren Benutzern jedoch die bestm\u00f6gliche Erfahrung zu bieten, speichern wir einige Informationen. Wenn Sie das Kontaktformular auf unserer Website ausf\u00fcllen und absenden, speichern wir Ihren Vornamen, Nachnamen, Telefonnummer und E-Mail-Adresse. Wir versprechen, Ihre Informationen gut zu behandeln.[\/vc_column_text][\/vc_column][\/vc_row]<\/p>\n<\/div>","protected":false},"excerpt":{"rendered":"<p>[vc_row marginheader=&#8221;&#8221; paddingheader=&#8221;&#8221; lmarginheader=&#8221;&#8221; lpaddingheader=&#8221;&#8221; tmarginheader=&#8221;&#8221; tpaddingheader=&#8221;&#8221; mmarginheader=&#8221;&#8221; mpaddingheader=&#8221;&#8221; el_class=&#8221;cookie-row&#8221;][vc_column][vc_column_text] Datenschutz-Bestimmungen [\/vc_column_text][vc_column_text]Hier bei Imarco-deutschland.de oder imarco.eu\/de\/ m\u00f6chten wir lieber keine Benutzerinformationen speichern. Um unseren Benutzern jedoch die bestm\u00f6gliche Erfahrung zu bieten, speichern wir einige Informationen. Wenn Sie das Kontaktformular auf unserer Website ausf\u00fcllen und absenden, speichern wir Ihren Vornamen, Nachnamen, Telefonnummer und E-Mail-Adresse. Wir versprechen, [&hellip;]<\/p>\n","protected":false},"author":1,"featured_media":0,"parent":0,"menu_order":10,"comment_status":"closed","ping_status":"closed","template":"","meta":{"_acf_changed":false,"footnotes":""},"class_list":["post-9643","page","type-page","status-publish","hentry"],"acf":[],"yoast_head":"<!-- This site is optimized with the Yoast SEO plugin v27.3 - https:\/\/yoast.com\/product\/yoast-seo-wordpress\/ -->\n<title>Datenschutz-Bestimmungen - IMARCO<\/title>\n<meta name=\"robots\" content=\"index, follow, max-snippet:-1, max-image-preview:large, max-video-preview:-1\" \/>\n<link rel=\"canonical\" href=\"https:\/\/imarco.eu\/de\/datenschutz-bestimmungen\/\" \/>\n<meta property=\"og:locale\" content=\"de_DE\" \/>\n<meta property=\"og:type\" content=\"article\" \/>\n<meta property=\"og:title\" content=\"Datenschutz-Bestimmungen - IMARCO\" \/>\n<meta property=\"og:description\" content=\"[vc_row marginheader=&#8221;&#8221; paddingheader=&#8221;&#8221; lmarginheader=&#8221;&#8221; lpaddingheader=&#8221;&#8221; tmarginheader=&#8221;&#8221; tpaddingheader=&#8221;&#8221; mmarginheader=&#8221;&#8221; mpaddingheader=&#8221;&#8221; el_class=&#8221;cookie-row&#8221;][vc_column][vc_column_text] Datenschutz-Bestimmungen [\/vc_column_text][vc_column_text]Hier bei Imarco-deutschland.de oder imarco.eu\/de\/ m\u00f6chten wir lieber keine Benutzerinformationen speichern. Um unseren Benutzern jedoch die bestm\u00f6gliche Erfahrung zu bieten, speichern wir einige Informationen. Wenn Sie das Kontaktformular auf unserer Website ausf\u00fcllen und absenden, speichern wir Ihren Vornamen, Nachnamen, Telefonnummer und E-Mail-Adresse. Wir versprechen, [&hellip;]\" \/>\n<meta property=\"og:url\" content=\"https:\/\/imarco.eu\/de\/datenschutz-bestimmungen\/\" \/>\n<meta property=\"og:site_name\" content=\"IMARCO\" \/>\n<meta property=\"article:modified_time\" content=\"2022-04-11T12:06:28+00:00\" \/>\n<meta name=\"twitter:card\" content=\"summary_large_image\" \/>\n<script type=\"application\/ld+json\" class=\"yoast-schema-graph\">{\"@context\":\"https:\\\/\\\/schema.org\",\"@graph\":[{\"@type\":\"WebPage\",\"@id\":\"https:\\\/\\\/imarco.eu\\\/de\\\/datenschutz-bestimmungen\\\/\",\"url\":\"https:\\\/\\\/imarco.eu\\\/de\\\/datenschutz-bestimmungen\\\/\",\"name\":\"Datenschutz-Bestimmungen - IMARCO\",\"isPartOf\":{\"@id\":\"https:\\\/\\\/imarco.eu\\\/de\\\/#website\"},\"datePublished\":\"2022-04-05T12:28:16+00:00\",\"dateModified\":\"2022-04-11T12:06:28+00:00\",\"breadcrumb\":{\"@id\":\"https:\\\/\\\/imarco.eu\\\/de\\\/datenschutz-bestimmungen\\\/#breadcrumb\"},\"inLanguage\":\"de\",\"potentialAction\":[{\"@type\":\"ReadAction\",\"target\":[\"https:\\\/\\\/imarco.eu\\\/de\\\/datenschutz-bestimmungen\\\/\"]}]},{\"@type\":\"BreadcrumbList\",\"@id\":\"https:\\\/\\\/imarco.eu\\\/de\\\/datenschutz-bestimmungen\\\/#breadcrumb\",\"itemListElement\":[{\"@type\":\"ListItem\",\"position\":1,\"name\":\"Home\",\"item\":\"https:\\\/\\\/imarco.eu\\\/de\\\/\"},{\"@type\":\"ListItem\",\"position\":2,\"name\":\"Datenschutz-Bestimmungen\"}]},{\"@type\":\"WebSite\",\"@id\":\"https:\\\/\\\/imarco.eu\\\/de\\\/#website\",\"url\":\"https:\\\/\\\/imarco.eu\\\/de\\\/\",\"name\":\"IMARCO\",\"description\":\"\",\"potentialAction\":[{\"@type\":\"SearchAction\",\"target\":{\"@type\":\"EntryPoint\",\"urlTemplate\":\"https:\\\/\\\/imarco.eu\\\/de\\\/?s={search_term_string}\"},\"query-input\":{\"@type\":\"PropertyValueSpecification\",\"valueRequired\":true,\"valueName\":\"search_term_string\"}}],\"inLanguage\":\"de\"}]}<\/script>\n<!-- \/ Yoast SEO plugin. -->","yoast_head_json":{"title":"Datenschutz-Bestimmungen - IMARCO","robots":{"index":"index","follow":"follow","max-snippet":"max-snippet:-1","max-image-preview":"max-image-preview:large","max-video-preview":"max-video-preview:-1"},"canonical":"https:\/\/imarco.eu\/de\/datenschutz-bestimmungen\/","og_locale":"de_DE","og_type":"article","og_title":"Datenschutz-Bestimmungen - IMARCO","og_description":"[vc_row marginheader=&#8221;&#8221; paddingheader=&#8221;&#8221; lmarginheader=&#8221;&#8221; lpaddingheader=&#8221;&#8221; tmarginheader=&#8221;&#8221; tpaddingheader=&#8221;&#8221; mmarginheader=&#8221;&#8221; mpaddingheader=&#8221;&#8221; el_class=&#8221;cookie-row&#8221;][vc_column][vc_column_text] Datenschutz-Bestimmungen [\/vc_column_text][vc_column_text]Hier bei Imarco-deutschland.de oder imarco.eu\/de\/ m\u00f6chten wir lieber keine Benutzerinformationen speichern. Um unseren Benutzern jedoch die bestm\u00f6gliche Erfahrung zu bieten, speichern wir einige Informationen. Wenn Sie das Kontaktformular auf unserer Website ausf\u00fcllen und absenden, speichern wir Ihren Vornamen, Nachnamen, Telefonnummer und E-Mail-Adresse. Wir versprechen, [&hellip;]","og_url":"https:\/\/imarco.eu\/de\/datenschutz-bestimmungen\/","og_site_name":"IMARCO","article_modified_time":"2022-04-11T12:06:28+00:00","twitter_card":"summary_large_image","schema":{"@context":"https:\/\/schema.org","@graph":[{"@type":"WebPage","@id":"https:\/\/imarco.eu\/de\/datenschutz-bestimmungen\/","url":"https:\/\/imarco.eu\/de\/datenschutz-bestimmungen\/","name":"Datenschutz-Bestimmungen - IMARCO","isPartOf":{"@id":"https:\/\/imarco.eu\/de\/#website"},"datePublished":"2022-04-05T12:28:16+00:00","dateModified":"2022-04-11T12:06:28+00:00","breadcrumb":{"@id":"https:\/\/imarco.eu\/de\/datenschutz-bestimmungen\/#breadcrumb"},"inLanguage":"de","potentialAction":[{"@type":"ReadAction","target":["https:\/\/imarco.eu\/de\/datenschutz-bestimmungen\/"]}]},{"@type":"BreadcrumbList","@id":"https:\/\/imarco.eu\/de\/datenschutz-bestimmungen\/#breadcrumb","itemListElement":[{"@type":"ListItem","position":1,"name":"Home","item":"https:\/\/imarco.eu\/de\/"},{"@type":"ListItem","position":2,"name":"Datenschutz-Bestimmungen"}]},{"@type":"WebSite","@id":"https:\/\/imarco.eu\/de\/#website","url":"https:\/\/imarco.eu\/de\/","name":"IMARCO","description":"","potentialAction":[{"@type":"SearchAction","target":{"@type":"EntryPoint","urlTemplate":"https:\/\/imarco.eu\/de\/?s={search_term_string}"},"query-input":{"@type":"PropertyValueSpecification","valueRequired":true,"valueName":"search_term_string"}}],"inLanguage":"de"}]}},"_links":{"self":[{"href":"https:\/\/imarco.eu\/de\/wp-json\/wp\/v2\/pages\/9643","targetHints":{"allow":["GET"]}}],"collection":[{"href":"https:\/\/imarco.eu\/de\/wp-json\/wp\/v2\/pages"}],"about":[{"href":"https:\/\/imarco.eu\/de\/wp-json\/wp\/v2\/types\/page"}],"author":[{"embeddable":true,"href":"https:\/\/imarco.eu\/de\/wp-json\/wp\/v2\/users\/1"}],"replies":[{"embeddable":true,"href":"https:\/\/imarco.eu\/de\/wp-json\/wp\/v2\/comments?post=9643"}],"version-history":[{"count":4,"href":"https:\/\/imarco.eu\/de\/wp-json\/wp\/v2\/pages\/9643\/revisions"}],"predecessor-version":[{"id":9750,"href":"https:\/\/imarco.eu\/de\/wp-json\/wp\/v2\/pages\/9643\/revisions\/9750"}],"wp:attachment":[{"href":"https:\/\/imarco.eu\/de\/wp-json\/wp\/v2\/media?parent=9643"}],"curies":[{"name":"wp","href":"https:\/\/api.w.org\/{rel}","templated":true}]}}