{"id":27547,"date":"2023-09-11T14:35:36","date_gmt":"2023-09-11T14:35:36","guid":{"rendered":"https:\/\/imarco.eu\/securite-sante-et-environnement\/"},"modified":"2023-09-11T14:35:38","modified_gmt":"2023-09-11T14:35:38","slug":"securite-sante-et-environnement","status":"publish","type":"page","link":"https:\/\/imarco.eu\/fr\/securite-sante-et-environnement\/","title":{"rendered":"S\u00e9curit\u00e9, sant\u00e9 et environnement"},"content":{"rendered":"<div class=\"wpb-content-wrapper\"><p>[vc_row margintop=&#8221;12.6vw&#8221; marginbottom=&#8221;12.6vw&#8221; mmargintop=&#8221;17vw&#8221; mmarginbottom=&#8221;17vw&#8221; marginheader=&#8221;&#8221; paddingheader=&#8221;&#8221; lmarginheader=&#8221;&#8221; lpaddingheader=&#8221;&#8221; tmarginheader=&#8221;&#8221; tpaddingheader=&#8221;&#8221; mmarginheader=&#8221;&#8221; mpaddingheader=&#8221;&#8221; fullscreenslide=&#8221;true&#8221; el_class=&#8221;title-row&#8221;][vc_column][vc_column_text]<\/p>\n<h2> Engagement en Mati\u00e8re de <strong>S\u00e9curit\u00e9, de Sant\u00e9 et de l&#8217;Environnement <\/strong><\/h2>\n<p>[\/vc_column_text][\/vc_column][\/vc_row][vc_row][vc_column css_animation=&#8221;fadeInUp&#8221; width=&#8221;5\/12&#8243; marginHeader=&#8221;&#8221; paddingHeader=&#8221;&#8221; lmarginHeader=&#8221;&#8221; lpaddingHeader=&#8221;&#8221; tmarginHeader=&#8221;&#8221; tpaddingHeader=&#8221;&#8221; mmarginHeader=&#8221;&#8221; mpaddingHeader=&#8221;&#8221; marginheader=&#8221;&#8221; paddingheader=&#8221;&#8221; lmarginheader=&#8221;&#8221; lpaddingheader=&#8221;&#8221; tmarginheader=&#8221;&#8221; tpaddingheader=&#8221;&#8221; mmarginheader=&#8221;&#8221; mpaddingheader=&#8221;&#8221; offset=&#8221;vc_col-md-offset-2 vc_col-md-4 vc_col-sm-offset-1 vc_col-xs-12&#8243;][vc_column_text]Chez Imarco B.V., nous sommes ravis d&#8217;annoncer que nous sommes certifi\u00e9s VCA** depuis 2021. Cette certification marque une \u00e9tape importante et souligne notre engagement envers la s\u00e9curit\u00e9, la sant\u00e9 et la protection de l&#8217;environnement dans toutes nos activit\u00e9s. Nous croyons que garantir la s\u00e9curit\u00e9 et le bien-\u00eatre de nos employ\u00e9s et sous-traitants, tout en r\u00e9duisant au maximum notre impact sur l&#8217;environnement, sont des \u00e9l\u00e9ments essentiels de la responsabilit\u00e9 sociale des entreprises.[\/vc_column_text][\/vc_column][vc_column width=&#8221;5\/12&#8243; marginHeader=&#8221;&#8221; paddingHeader=&#8221;&#8221; lmarginHeader=&#8221;&#8221; lpaddingHeader=&#8221;&#8221; tmarginHeader=&#8221;&#8221; tpaddingHeader=&#8221;&#8221; mmarginHeader=&#8221;&#8221; mpaddingHeader=&#8221;&#8221; offset=&#8221;vc_col-md-4 vc_col-xs-12&#8243;][vc_single_image image=&#8221;27533&#8243; img_size=&#8221;large&#8221;][\/vc_column][\/vc_row][vc_row margintop=&#8221;12.6vw&#8221; marginbottom=&#8221;12.6vw&#8221; mmargintop=&#8221;17vw&#8221; mmarginbottom=&#8221;17vw&#8221; marginheader=&#8221;&#8221; paddingheader=&#8221;&#8221; lmarginheader=&#8221;&#8221; lpaddingheader=&#8221;&#8221; tmarginheader=&#8221;&#8221; tpaddingheader=&#8221;&#8221; mmarginheader=&#8221;&#8221; mpaddingheader=&#8221;&#8221; fullscreenslide=&#8221;true&#8221; el_class=&#8221;title-row&#8221;][vc_column][vc_column_text]<\/p>\n<h2> Notre Priorit\u00e9 <strong>S\u00e9curit\u00e9 et Sant\u00e9 <\/strong><\/h2>\n<p>[\/vc_column_text][\/vc_column][\/vc_row][vc_row][vc_column css_animation=&#8221;fadeInUp&#8221; width=&#8221;5\/6&#8243; marginheader=&#8221;&#8221; paddingheader=&#8221;&#8221; lmarginheader=&#8221;&#8221; lpaddingheader=&#8221;&#8221; tmarginheader=&#8221;&#8221; tpaddingheader=&#8221;&#8221; mmarginheader=&#8221;&#8221; mpaddingheader=&#8221;&#8221; offset=&#8221;vc_col-md-offset-2 vc_col-md-8 vc_col-sm-offset-1 vc_col-xs-12&#8243;][vc_column_text]La s\u00e9curit\u00e9 est toujours notre priorit\u00e9. Notre certification VCA** t\u00e9moigne de notre engagement continu \u00e0 cr\u00e9er un environnement de travail s\u00fbr pour tous ceux impliqu\u00e9s dans nos projets. Nous mettons en place des protocoles de s\u00e9curit\u00e9 stricts et offrons des formations r\u00e9guli\u00e8res et des programmes de sensibilisation aux probl\u00e8mes de s\u00e9curit\u00e9 pour tous nos employ\u00e9s et sous-traitants. Le bien-\u00eatre de nos collaborateurs est d&#8217;une importance capitale, et nous nous effor\u00e7ons de minimiser tous les risques.[\/vc_column_text][\/vc_column][\/vc_row][vc_row margintop=&#8221;12.6vw&#8221; marginbottom=&#8221;12.6vw&#8221; mmargintop=&#8221;17vw&#8221; mmarginbottom=&#8221;17vw&#8221; marginheader=&#8221;&#8221; paddingheader=&#8221;&#8221; lmarginheader=&#8221;&#8221; lpaddingheader=&#8221;&#8221; tmarginheader=&#8221;&#8221; tpaddingheader=&#8221;&#8221; mmarginheader=&#8221;&#8221; mpaddingheader=&#8221;&#8221; fullscreenslide=&#8221;true&#8221; el_class=&#8221;title-row&#8221;][vc_column][vc_column_text]<\/p>\n<h2>Sensibilisation \u00e0 l\u2019Environnement <strong>et Durabilit\u00e9<\/strong><\/h2>\n<p>[\/vc_column_text][\/vc_column][\/vc_row][vc_row][vc_column css_animation=&#8221;fadeInUp&#8221; width=&#8221;5\/6&#8243; marginheader=&#8221;&#8221; paddingheader=&#8221;&#8221; lmarginheader=&#8221;&#8221; lpaddingheader=&#8221;&#8221; tmarginheader=&#8221;&#8221; tpaddingheader=&#8221;&#8221; mmarginheader=&#8221;&#8221; mpaddingheader=&#8221;&#8221; offset=&#8221;vc_col-md-offset-2 vc_col-md-8 vc_col-sm-offset-1 vc_col-xs-12&#8243;][vc_column_text]En plus de la s\u00e9curit\u00e9 et de la sant\u00e9, nous accordons une grande importance \u00e0 la 3tilization3ion environnementale et \u00e0 la durabilit\u00e9. Nous sommes conscients de l\u2019impact que nos activit\u00e9s peuvent avoir sur l\u2019environnement et nous nous engageons \u00e0 r\u00e9duire notre empreinte \u00e9cologique. Nous adoptons des pratiques respectueuses de l\u2019environnement, minimisons les d\u00e9chets et recherchons une 3tilization efficace des ressources. Notre objectif est de fournir des solutions durables b\u00e9n\u00e9fiques \u00e0 la fois \u00e0 nos clients et \u00e0 la plan\u00e8te.[\/vc_column_text][\/vc_column][\/vc_row][vc_row margintop=&#8221;12.6vw&#8221; marginbottom=&#8221;12.6vw&#8221; mmargintop=&#8221;17vw&#8221; mmarginbottom=&#8221;17vw&#8221; marginheader=&#8221;&#8221; paddingheader=&#8221;&#8221; lmarginheader=&#8221;&#8221; lpaddingheader=&#8221;&#8221; tmarginheader=&#8221;&#8221; tpaddingheader=&#8221;&#8221; mmarginheader=&#8221;&#8221; mpaddingheader=&#8221;&#8221; fullscreenslide=&#8221;true&#8221; el_class=&#8221;title-row&#8221;][vc_column][vc_column_text]<\/p>\n<h2>\u00c9chelle de la Culture de S\u00e9curit\u00e9 NEN <strong>avec SCL ASA<\/strong><\/h2>\n<p>[\/vc_column_text][\/vc_column][\/vc_row][vc_row][vc_column css_animation=&#8221;fadeInUp&#8221; width=&#8221;5\/6&#8243; marginheader=&#8221;&#8221; paddingheader=&#8221;&#8221; lmarginheader=&#8221;&#8221; lpaddingheader=&#8221;&#8221; tmarginheader=&#8221;&#8221; tpaddingheader=&#8221;&#8221; mmarginheader=&#8221;&#8221; mpaddingheader=&#8221;&#8221; offset=&#8221;vc_col-md-offset-2 vc_col-md-8 vc_col-sm-offset-1 vc_col-xs-12&#8243;][vc_column_text]Chez Imarco B.V., nous allons au-del\u00e0 des certifications. Nous avons r\u00e9cemment mis en place l&#8217;\u00e9chelle de la Culture de S\u00e9curit\u00e9 NEN en utilisant SCL ASA, ce qui \u00e9l\u00e8ve notre culture de s\u00e9curit\u00e9 \u00e0 un niveau sup\u00e9rieur. Cette approche nous permet de favoriser une culture d&#8217;am\u00e9lioration continue et garantit que la s\u00e9curit\u00e9 n&#8217;est pas simplement un protocole, mais fait partie int\u00e9grante de notre identit\u00e9.<\/p>\n<p>&nbsp;<\/p>\n<p>Nous sommes fiers de nos efforts pour atteindre les normes les plus \u00e9lev\u00e9es en mati\u00e8re de s\u00e9curit\u00e9, de sant\u00e9 et d&#8217;environnement, et nous continuerons \u00e0 \u0153uvrer \u00e0 l&#8217;excellence dans ces domaines. Imarco B.V. est synonyme de fiabilit\u00e9, d&#8217;int\u00e9grit\u00e9 et de responsabilit\u00e9 dans toutes nos entreprises.<\/p>\n<p>&nbsp;<\/p>\n<p>Si vous souhaitez en savoir plus sur notre engagement en mati\u00e8re de s\u00e9curit\u00e9, de sant\u00e9 et d&#8217;environnement, n&#8217;h\u00e9sitez pas \u00e0 nous contacter. Ensemble, nous pouvons travailler en vue d&#8217;un avenir plus s\u00fbr, plus sain et plus durable.[\/vc_column_text][vc_empty_space height=&#8221;10vw&#8221;][\/vc_column][\/vc_row]<\/p>\n<\/div>","protected":false},"excerpt":{"rendered":"<p>[vc_row margintop=&#8221;12.6vw&#8221; marginbottom=&#8221;12.6vw&#8221; mmargintop=&#8221;17vw&#8221; mmarginbottom=&#8221;17vw&#8221; marginheader=&#8221;&#8221; paddingheader=&#8221;&#8221; lmarginheader=&#8221;&#8221; lpaddingheader=&#8221;&#8221; tmarginheader=&#8221;&#8221; tpaddingheader=&#8221;&#8221; mmarginheader=&#8221;&#8221; mpaddingheader=&#8221;&#8221; fullscreenslide=&#8221;true&#8221; el_class=&#8221;title-row&#8221;][vc_column][vc_column_text] Engagement en Mati\u00e8re de S\u00e9curit\u00e9, de Sant\u00e9 et de l&#8217;Environnement [\/vc_column_text][\/vc_column][\/vc_row][vc_row][vc_column css_animation=&#8221;fadeInUp&#8221; width=&#8221;5\/12&#8243; marginHeader=&#8221;&#8221; paddingHeader=&#8221;&#8221; lmarginHeader=&#8221;&#8221; lpaddingHeader=&#8221;&#8221; tmarginHeader=&#8221;&#8221; tpaddingHeader=&#8221;&#8221; mmarginHeader=&#8221;&#8221; mpaddingHeader=&#8221;&#8221; marginheader=&#8221;&#8221; paddingheader=&#8221;&#8221; lmarginheader=&#8221;&#8221; lpaddingheader=&#8221;&#8221; tmarginheader=&#8221;&#8221; tpaddingheader=&#8221;&#8221; mmarginheader=&#8221;&#8221; mpaddingheader=&#8221;&#8221; offset=&#8221;vc_col-md-offset-2 vc_col-md-4 vc_col-sm-offset-1 vc_col-xs-12&#8243;][vc_column_text]Chez Imarco B.V., nous sommes ravis d&#8217;annoncer que [&hellip;]<\/p>\n","protected":false},"author":1,"featured_media":0,"parent":0,"menu_order":3,"comment_status":"closed","ping_status":"closed","template":"","meta":{"_acf_changed":false,"footnotes":""},"class_list":["post-27547","page","type-page","status-publish","hentry"],"acf":[],"yoast_head":"<!-- This site is optimized with the Yoast SEO plugin v27.3 - https:\/\/yoast.com\/product\/yoast-seo-wordpress\/ -->\n<title>S\u00e9curit\u00e9, sant\u00e9 et environnement - IMARCO<\/title>\n<meta name=\"robots\" content=\"index, follow, max-snippet:-1, max-image-preview:large, max-video-preview:-1\" \/>\n<link rel=\"canonical\" href=\"https:\/\/imarco.eu\/fr\/securite-sante-et-environnement\/\" \/>\n<meta property=\"og:locale\" content=\"fr_FR\" \/>\n<meta property=\"og:type\" content=\"article\" \/>\n<meta property=\"og:title\" content=\"S\u00e9curit\u00e9, sant\u00e9 et environnement - IMARCO\" \/>\n<meta property=\"og:description\" content=\"[vc_row margintop=&#8221;12.6vw&#8221; marginbottom=&#8221;12.6vw&#8221; mmargintop=&#8221;17vw&#8221; mmarginbottom=&#8221;17vw&#8221; marginheader=&#8221;&#8221; paddingheader=&#8221;&#8221; lmarginheader=&#8221;&#8221; lpaddingheader=&#8221;&#8221; tmarginheader=&#8221;&#8221; tpaddingheader=&#8221;&#8221; mmarginheader=&#8221;&#8221; mpaddingheader=&#8221;&#8221; fullscreenslide=&#8221;true&#8221; el_class=&#8221;title-row&#8221;][vc_column][vc_column_text] Engagement en Mati\u00e8re de S\u00e9curit\u00e9, de Sant\u00e9 et de l&#8217;Environnement [\/vc_column_text][\/vc_column][\/vc_row][vc_row][vc_column css_animation=&#8221;fadeInUp&#8221; width=&#8221;5\/12&#8243; marginHeader=&#8221;&#8221; paddingHeader=&#8221;&#8221; lmarginHeader=&#8221;&#8221; lpaddingHeader=&#8221;&#8221; tmarginHeader=&#8221;&#8221; tpaddingHeader=&#8221;&#8221; mmarginHeader=&#8221;&#8221; mpaddingHeader=&#8221;&#8221; marginheader=&#8221;&#8221; paddingheader=&#8221;&#8221; lmarginheader=&#8221;&#8221; lpaddingheader=&#8221;&#8221; tmarginheader=&#8221;&#8221; tpaddingheader=&#8221;&#8221; mmarginheader=&#8221;&#8221; mpaddingheader=&#8221;&#8221; offset=&#8221;vc_col-md-offset-2 vc_col-md-4 vc_col-sm-offset-1 vc_col-xs-12&#8243;][vc_column_text]Chez Imarco B.V., nous sommes ravis d&#8217;annoncer que [&hellip;]\" \/>\n<meta property=\"og:url\" content=\"https:\/\/imarco.eu\/fr\/securite-sante-et-environnement\/\" \/>\n<meta property=\"og:site_name\" content=\"IMARCO\" \/>\n<meta property=\"article:modified_time\" content=\"2023-09-11T14:35:38+00:00\" \/>\n<meta name=\"twitter:card\" content=\"summary_large_image\" \/>\n<meta name=\"twitter:label1\" content=\"Dur\u00e9e de lecture estim\u00e9e\" \/>\n\t<meta name=\"twitter:data1\" content=\"4 minutes\" \/>\n<script type=\"application\/ld+json\" class=\"yoast-schema-graph\">{\"@context\":\"https:\\\/\\\/schema.org\",\"@graph\":[{\"@type\":\"WebPage\",\"@id\":\"https:\\\/\\\/imarco.eu\\\/fr\\\/securite-sante-et-environnement\\\/\",\"url\":\"https:\\\/\\\/imarco.eu\\\/fr\\\/securite-sante-et-environnement\\\/\",\"name\":\"S\u00e9curit\u00e9, sant\u00e9 et environnement - IMARCO\",\"isPartOf\":{\"@id\":\"https:\\\/\\\/imarco.eu\\\/fr\\\/#website\"},\"datePublished\":\"2023-09-11T14:35:36+00:00\",\"dateModified\":\"2023-09-11T14:35:38+00:00\",\"breadcrumb\":{\"@id\":\"https:\\\/\\\/imarco.eu\\\/fr\\\/securite-sante-et-environnement\\\/#breadcrumb\"},\"inLanguage\":\"fr-FR\",\"potentialAction\":[{\"@type\":\"ReadAction\",\"target\":[\"https:\\\/\\\/imarco.eu\\\/fr\\\/securite-sante-et-environnement\\\/\"]}]},{\"@type\":\"BreadcrumbList\",\"@id\":\"https:\\\/\\\/imarco.eu\\\/fr\\\/securite-sante-et-environnement\\\/#breadcrumb\",\"itemListElement\":[{\"@type\":\"ListItem\",\"position\":1,\"name\":\"Home\",\"item\":\"https:\\\/\\\/imarco.eu\\\/fr\\\/page-daccueil\\\/\"},{\"@type\":\"ListItem\",\"position\":2,\"name\":\"S\u00e9curit\u00e9, sant\u00e9 et environnement\"}]},{\"@type\":\"WebSite\",\"@id\":\"https:\\\/\\\/imarco.eu\\\/fr\\\/#website\",\"url\":\"https:\\\/\\\/imarco.eu\\\/fr\\\/\",\"name\":\"IMARCO\",\"description\":\"\",\"potentialAction\":[{\"@type\":\"SearchAction\",\"target\":{\"@type\":\"EntryPoint\",\"urlTemplate\":\"https:\\\/\\\/imarco.eu\\\/fr\\\/?s={search_term_string}\"},\"query-input\":{\"@type\":\"PropertyValueSpecification\",\"valueRequired\":true,\"valueName\":\"search_term_string\"}}],\"inLanguage\":\"fr-FR\"}]}<\/script>\n<!-- \/ Yoast SEO plugin. -->","yoast_head_json":{"title":"S\u00e9curit\u00e9, sant\u00e9 et environnement - IMARCO","robots":{"index":"index","follow":"follow","max-snippet":"max-snippet:-1","max-image-preview":"max-image-preview:large","max-video-preview":"max-video-preview:-1"},"canonical":"https:\/\/imarco.eu\/fr\/securite-sante-et-environnement\/","og_locale":"fr_FR","og_type":"article","og_title":"S\u00e9curit\u00e9, sant\u00e9 et environnement - IMARCO","og_description":"[vc_row margintop=&#8221;12.6vw&#8221; marginbottom=&#8221;12.6vw&#8221; mmargintop=&#8221;17vw&#8221; mmarginbottom=&#8221;17vw&#8221; marginheader=&#8221;&#8221; paddingheader=&#8221;&#8221; lmarginheader=&#8221;&#8221; lpaddingheader=&#8221;&#8221; tmarginheader=&#8221;&#8221; tpaddingheader=&#8221;&#8221; mmarginheader=&#8221;&#8221; mpaddingheader=&#8221;&#8221; fullscreenslide=&#8221;true&#8221; el_class=&#8221;title-row&#8221;][vc_column][vc_column_text] Engagement en Mati\u00e8re de S\u00e9curit\u00e9, de Sant\u00e9 et de l&#8217;Environnement [\/vc_column_text][\/vc_column][\/vc_row][vc_row][vc_column css_animation=&#8221;fadeInUp&#8221; width=&#8221;5\/12&#8243; marginHeader=&#8221;&#8221; paddingHeader=&#8221;&#8221; lmarginHeader=&#8221;&#8221; lpaddingHeader=&#8221;&#8221; tmarginHeader=&#8221;&#8221; tpaddingHeader=&#8221;&#8221; mmarginHeader=&#8221;&#8221; mpaddingHeader=&#8221;&#8221; marginheader=&#8221;&#8221; paddingheader=&#8221;&#8221; lmarginheader=&#8221;&#8221; lpaddingheader=&#8221;&#8221; tmarginheader=&#8221;&#8221; tpaddingheader=&#8221;&#8221; mmarginheader=&#8221;&#8221; mpaddingheader=&#8221;&#8221; offset=&#8221;vc_col-md-offset-2 vc_col-md-4 vc_col-sm-offset-1 vc_col-xs-12&#8243;][vc_column_text]Chez Imarco B.V., nous sommes ravis d&#8217;annoncer que [&hellip;]","og_url":"https:\/\/imarco.eu\/fr\/securite-sante-et-environnement\/","og_site_name":"IMARCO","article_modified_time":"2023-09-11T14:35:38+00:00","twitter_card":"summary_large_image","twitter_misc":{"Dur\u00e9e de lecture estim\u00e9e":"4 minutes"},"schema":{"@context":"https:\/\/schema.org","@graph":[{"@type":"WebPage","@id":"https:\/\/imarco.eu\/fr\/securite-sante-et-environnement\/","url":"https:\/\/imarco.eu\/fr\/securite-sante-et-environnement\/","name":"S\u00e9curit\u00e9, sant\u00e9 et environnement - IMARCO","isPartOf":{"@id":"https:\/\/imarco.eu\/fr\/#website"},"datePublished":"2023-09-11T14:35:36+00:00","dateModified":"2023-09-11T14:35:38+00:00","breadcrumb":{"@id":"https:\/\/imarco.eu\/fr\/securite-sante-et-environnement\/#breadcrumb"},"inLanguage":"fr-FR","potentialAction":[{"@type":"ReadAction","target":["https:\/\/imarco.eu\/fr\/securite-sante-et-environnement\/"]}]},{"@type":"BreadcrumbList","@id":"https:\/\/imarco.eu\/fr\/securite-sante-et-environnement\/#breadcrumb","itemListElement":[{"@type":"ListItem","position":1,"name":"Home","item":"https:\/\/imarco.eu\/fr\/page-daccueil\/"},{"@type":"ListItem","position":2,"name":"S\u00e9curit\u00e9, sant\u00e9 et environnement"}]},{"@type":"WebSite","@id":"https:\/\/imarco.eu\/fr\/#website","url":"https:\/\/imarco.eu\/fr\/","name":"IMARCO","description":"","potentialAction":[{"@type":"SearchAction","target":{"@type":"EntryPoint","urlTemplate":"https:\/\/imarco.eu\/fr\/?s={search_term_string}"},"query-input":{"@type":"PropertyValueSpecification","valueRequired":true,"valueName":"search_term_string"}}],"inLanguage":"fr-FR"}]}},"_links":{"self":[{"href":"https:\/\/imarco.eu\/fr\/wp-json\/wp\/v2\/pages\/27547","targetHints":{"allow":["GET"]}}],"collection":[{"href":"https:\/\/imarco.eu\/fr\/wp-json\/wp\/v2\/pages"}],"about":[{"href":"https:\/\/imarco.eu\/fr\/wp-json\/wp\/v2\/types\/page"}],"author":[{"embeddable":true,"href":"https:\/\/imarco.eu\/fr\/wp-json\/wp\/v2\/users\/1"}],"replies":[{"embeddable":true,"href":"https:\/\/imarco.eu\/fr\/wp-json\/wp\/v2\/comments?post=27547"}],"version-history":[{"count":2,"href":"https:\/\/imarco.eu\/fr\/wp-json\/wp\/v2\/pages\/27547\/revisions"}],"predecessor-version":[{"id":27549,"href":"https:\/\/imarco.eu\/fr\/wp-json\/wp\/v2\/pages\/27547\/revisions\/27549"}],"wp:attachment":[{"href":"https:\/\/imarco.eu\/fr\/wp-json\/wp\/v2\/media?parent=27547"}],"curies":[{"name":"wp","href":"https:\/\/api.w.org\/{rel}","templated":true}]}}