{"id":839,"date":"2019-03-15T11:31:28","date_gmt":"2019-03-15T11:31:28","guid":{"rendered":"https:\/\/imarco.eu\/a-propos-de-nous\/"},"modified":"2019-03-21T11:34:45","modified_gmt":"2019-03-21T11:34:45","slug":"a-propos-de-nous","status":"publish","type":"page","link":"https:\/\/imarco.eu\/fr\/a-propos-de-nous\/","title":{"rendered":"\u00c0 propos de nous"},"content":{"rendered":"<div class=\"wpb-content-wrapper\"><p>[vc_row equal_height=&#8221;yes&#8221; content_placement=&#8221;middle&#8221; marginbottom=&#8221;7.29167vw&#8221; marginheader=&#8221;&#8221; paddingheader=&#8221;&#8221; lmarginheader=&#8221;&#8221; lpaddingheader=&#8221;&#8221; tmarginheader=&#8221;&#8221; tpaddingheader=&#8221;&#8221; mmarginheader=&#8221;&#8221; mpaddingheader=&#8221;&#8221; fullscreenslide=&#8221;true&#8221;][vc_column width=&#8221;1\/2&#8243; marginheader=&#8221;&#8221; paddingheader=&#8221;&#8221; lmarginheader=&#8221;&#8221; lpaddingheader=&#8221;&#8221; tmarginheader=&#8221;&#8221; tpaddingheader=&#8221;&#8221; mmarginheader=&#8221;&#8221; mpaddingheader=&#8221;&#8221; el_class=&#8221;yellow-block yellow-block&#8211;left&#8221;][vc_column_text]<\/p>\n<h2>\u00c0 propos d\u2019Imarco <strong>\u00c0 PROPOS DE NOUS<\/strong><\/h2>\n<p>[\/vc_column_text][vc_column_text]Fier de sa collection de sols en composite de marbre et en c\u00e9ramique de haute qualit\u00e9, Imarco propose la solution parfaite en combinant son assortiment aux connaissances de son \u00e9quipe de professionnels.[\/vc_column_text][\/vc_column][vc_column width=&#8221;1\/2&#8243; marginheader=&#8221;&#8221; paddingheader=&#8221;&#8221; lmarginheader=&#8221;&#8221; lpaddingheader=&#8221;&#8221; tmarginheader=&#8221;&#8221; tpaddingheader=&#8221;&#8221; mmarginheader=&#8221;&#8221; mpaddingheader=&#8221;&#8221; el_class=&#8221;single-title-block single-title-block&#8211;right hide-mobile&#8221;][vc_column_text]<\/p>\n<h4>Tous les services fournis par une soci\u00e9t\u00e9<\/h4>\n<p>[\/vc_column_text][\/vc_column][\/vc_row][vc_row margintop=&#8221;10vw&#8221; marginbottom=&#8221;10vw&#8221; mmargintop=&#8221;100px&#8221; marginheader=&#8221;&#8221; paddingheader=&#8221;&#8221; lmarginheader=&#8221;&#8221; lpaddingheader=&#8221;&#8221; tmarginheader=&#8221;&#8221; tpaddingheader=&#8221;&#8221; mmarginheader=&#8221;&#8221; mpaddingheader=&#8221;&#8221; fullscreenslide=&#8221;true&#8221; el_class=&#8221;title-row title-row&#8211;no-subtitle&#8221;][vc_column][vc_column_text]<\/p>\n<h2>Polyvalence<\/h2>\n<p>[\/vc_column_text][\/vc_column][\/vc_row][vc_row equal_height=&#8221;yes&#8221; mmargintop=&#8221;100px&#8221; marginheader=&#8221;&#8221; paddingheader=&#8221;&#8221; lmarginheader=&#8221;&#8221; lpaddingheader=&#8221;&#8221; tmarginheader=&#8221;&#8221; tpaddingheader=&#8221;&#8221; mmarginheader=&#8221;&#8221; mpaddingheader=&#8221;&#8221;][vc_column width=&#8221;1\/2&#8243; marginheader=&#8221;&#8221; paddingheader=&#8221;&#8221; lmarginheader=&#8221;&#8221; lpaddingheader=&#8221;&#8221; tmarginheader=&#8221;&#8221; tpaddingheader=&#8221;&#8221; mmarginheader=&#8221;&#8221; mpaddingheader=&#8221;&#8221; el_class=&#8221;text-block&#8221;][vc_column_text]<\/p>\n<h4>Des sols somptueux de haute qualit\u00e9<\/h4>\n<p>Gr\u00e2ce \u00e0 sa passion et son perfectionnisme, Imarco est la soci\u00e9t\u00e9 de carrelage polyvalente la plus r\u00e9put\u00e9e des Pays-Bas. Nous r\u00e9alisons depuis de nombreuses ann\u00e9es des sols pour les a\u00e9roports, les centres commerciaux et les salles d\u2019exposition (de concessions automobiles). Tr\u00e8s pris\u00e9s dans les secteurs de la distribution, de l\u2019industrie alimentaire et non-alimentaire, et de l\u2019automobile, les sols Imarco cr\u00e9ent l\u2019ambiance appropri\u00e9e.[\/vc_column_text][\/vc_column][vc_column width=&#8221;1\/2&#8243; marginheader=&#8221;&#8221; paddingheader=&#8221;&#8221; lmarginheader=&#8221;&#8221; lpaddingheader=&#8221;&#8221; tmarginheader=&#8221;&#8221; tpaddingheader=&#8221;&#8221; mmarginheader=&#8221;&#8221; mpaddingheader=&#8221;&#8221; css=&#8221;.vc_custom_1551878362707{background-image: url(https:\/\/imarco.eu\/wp-content\/uploads\/2019\/03\/tegellegger_web.jpg?id=417) !important;background-position: center !important;background-repeat: no-repeat !important;background-size: cover !important;}&#8221; el_class=&#8221;col-order-tablet-before&#8221;][vc_empty_space height=&#8221;200px&#8221;][\/vc_column][\/vc_row][vc_row margintop=&#8221;10vw&#8221; marginbottom=&#8221;10vw&#8221; mmargintop=&#8221;100px&#8221; mmarginbottom=&#8221;100px&#8221; marginheader=&#8221;&#8221; paddingheader=&#8221;&#8221; lmarginheader=&#8221;&#8221; lpaddingheader=&#8221;&#8221; tmarginheader=&#8221;&#8221; tpaddingheader=&#8221;&#8221; mmarginheader=&#8221;&#8221; mpaddingheader=&#8221;&#8221; fullscreenslide=&#8221;true&#8221; el_class=&#8221;title-row title-row&#8211;no-subtitle&#8221;][vc_column][vc_column_text]<\/p>\n<h2>Tous les services fournis par une soci\u00e9t\u00e9<\/h2>\n<p>[\/vc_column_text][\/vc_column][\/vc_row][vc_row content_placement=&#8221;middle&#8221; marginheader=&#8221;&#8221; paddingheader=&#8221;&#8221; lmarginheader=&#8221;&#8221; lpaddingheader=&#8221;&#8221; tmarginheader=&#8221;&#8221; tpaddingheader=&#8221;&#8221; mmarginheader=&#8221;&#8221; mpaddingheader=&#8221;&#8221;][vc_column width=&#8221;3\/4&#8243; marginheader=&#8221;&#8221; paddingheader=&#8221;&#8221; lmarginheader=&#8221;&#8221; lpaddingheader=&#8221;&#8221; tmarginheader=&#8221;&#8221; tpaddingheader=&#8221;&#8221; mmarginheader=&#8221;&#8221; mpaddingheader=&#8221;&#8221; el_class=&#8221;double-text-block&#8221;][vc_column_text]<\/p>\n<h4>L\u2019ex\u00e9cuteur parfait<\/h4>\n<p>[\/vc_column_text][vc_row_inner el_class=&#8221;about-column-row&#8221;][vc_column_inner][vc_column_text]La r\u00e9alisation compl\u00e8te d\u2019un projet de sol commence par la conception. Nous cherchons avec vous le type de carreau ad\u00e9quat, nous effectuons les travaux de pr\u00e9paration, le carrelage et la finition requise. Mais nous sommes \u00e9galement attentifs \u00e0 l\u2019environnement direct, comme les escaliers, les seuils de porte ou les murs carrel\u00e9s. Imarco est le partenaire id\u00e9al aussi dans ce domaine, pour vous ou pour votre entrepreneur. Si vous le souhaitez, nous pouvons livrer nos sols enti\u00e8rement nettoy\u00e9s et impr\u00e9gn\u00e9s, pour qu\u2019ils soient imm\u00e9diatement pr\u00eats \u00e0 l\u2019emploi.[\/vc_column_text][\/vc_column_inner][\/vc_row_inner][\/vc_column][vc_column width=&#8221;1\/4&#8243; marginheader=&#8221;&#8221; paddingheader=&#8221;&#8221; lmarginheader=&#8221;&#8221; lpaddingheader=&#8221;&#8221; tmarginheader=&#8221;&#8221; tpaddingheader=&#8221;&#8221; mmarginheader=&#8221;&#8221; mpaddingheader=&#8221;&#8221; el_class=&#8221;yellow-block yellow-block&#8211;small&#8221;][vc_column_text]<\/p>\n<h2>Observer et ressentir<\/h2>\n<p>Nous poss\u00e9dons une magnifique salle d\u2019exposition dans laquelle est pr\u00e9sent\u00e9e une large gamme de produits. Appelez-nous pour un rendez-vous ou passez nous voir ![\/vc_column_text]\t<a class=\"imarco_button imarco_button--right\" href=\"https:\/\/imarco.eu\/fr\/coordonnees\/\" style=\"color: #e2bc0b\">\n\t\tContact\t\t<div class=\"arrow\" style=\"border-color: #e2bc0b\"><\/div>\n\t<\/a>\n\t[\/vc_column][\/vc_row][vc_row marginheader=&#8221;&#8221; paddingheader=&#8221;&#8221; lmarginheader=&#8221;&#8221; lpaddingheader=&#8221;&#8221; tmarginheader=&#8221;&#8221; tpaddingheader=&#8221;&#8221; mmarginheader=&#8221;&#8221; mpaddingheader=&#8221;&#8221; el_class=&#8221;plus-row&#8221;][vc_column][vc_empty_space height=&#8221;20vw&#8221;][\/vc_column][\/vc_row]<\/p>\n<\/div>","protected":false},"excerpt":{"rendered":"<p>[vc_row equal_height=&#8221;yes&#8221; content_placement=&#8221;middle&#8221; marginbottom=&#8221;7.29167vw&#8221; marginheader=&#8221;&#8221; paddingheader=&#8221;&#8221; lmarginheader=&#8221;&#8221; lpaddingheader=&#8221;&#8221; tmarginheader=&#8221;&#8221; tpaddingheader=&#8221;&#8221; mmarginheader=&#8221;&#8221; mpaddingheader=&#8221;&#8221; fullscreenslide=&#8221;true&#8221;][vc_column width=&#8221;1\/2&#8243; marginheader=&#8221;&#8221; paddingheader=&#8221;&#8221; lmarginheader=&#8221;&#8221; lpaddingheader=&#8221;&#8221; tmarginheader=&#8221;&#8221; tpaddingheader=&#8221;&#8221; mmarginheader=&#8221;&#8221; mpaddingheader=&#8221;&#8221; el_class=&#8221;yellow-block yellow-block&#8211;left&#8221;][vc_column_text] \u00c0 propos d\u2019Imarco \u00c0 PROPOS DE NOUS [\/vc_column_text][vc_column_text]Fier de sa collection de sols en composite de marbre et en c\u00e9ramique de haute qualit\u00e9, Imarco propose la solution parfaite en combinant son [&hellip;]<\/p>\n","protected":false},"author":1,"featured_media":0,"parent":0,"menu_order":2,"comment_status":"closed","ping_status":"closed","template":"","meta":{"_acf_changed":false,"footnotes":""},"class_list":["post-839","page","type-page","status-publish","hentry"],"acf":[],"yoast_head":"<!-- This site is optimized with the Yoast SEO plugin v27.3 - https:\/\/yoast.com\/product\/yoast-seo-wordpress\/ -->\n<title>\u00c0 propos de nous - IMARCO<\/title>\n<meta name=\"robots\" content=\"index, follow, max-snippet:-1, max-image-preview:large, max-video-preview:-1\" \/>\n<link rel=\"canonical\" href=\"https:\/\/imarco.eu\/fr\/a-propos-de-nous\/\" \/>\n<meta property=\"og:locale\" content=\"fr_FR\" \/>\n<meta property=\"og:type\" content=\"article\" \/>\n<meta property=\"og:title\" content=\"\u00c0 propos de nous - IMARCO\" \/>\n<meta property=\"og:description\" content=\"[vc_row equal_height=&#8221;yes&#8221; content_placement=&#8221;middle&#8221; marginbottom=&#8221;7.29167vw&#8221; marginheader=&#8221;&#8221; paddingheader=&#8221;&#8221; lmarginheader=&#8221;&#8221; lpaddingheader=&#8221;&#8221; tmarginheader=&#8221;&#8221; tpaddingheader=&#8221;&#8221; mmarginheader=&#8221;&#8221; mpaddingheader=&#8221;&#8221; fullscreenslide=&#8221;true&#8221;][vc_column width=&#8221;1\/2&#8243; marginheader=&#8221;&#8221; paddingheader=&#8221;&#8221; lmarginheader=&#8221;&#8221; lpaddingheader=&#8221;&#8221; tmarginheader=&#8221;&#8221; tpaddingheader=&#8221;&#8221; mmarginheader=&#8221;&#8221; mpaddingheader=&#8221;&#8221; el_class=&#8221;yellow-block yellow-block&#8211;left&#8221;][vc_column_text] \u00c0 propos d\u2019Imarco \u00c0 PROPOS DE NOUS [\/vc_column_text][vc_column_text]Fier de sa collection de sols en composite de marbre et en c\u00e9ramique de haute qualit\u00e9, Imarco propose la solution parfaite en combinant son [&hellip;]\" \/>\n<meta property=\"og:url\" content=\"https:\/\/imarco.eu\/fr\/a-propos-de-nous\/\" \/>\n<meta property=\"og:site_name\" content=\"IMARCO\" \/>\n<meta property=\"article:modified_time\" content=\"2019-03-21T11:34:45+00:00\" \/>\n<meta name=\"twitter:card\" content=\"summary_large_image\" \/>\n<meta name=\"twitter:label1\" content=\"Dur\u00e9e de lecture estim\u00e9e\" \/>\n\t<meta name=\"twitter:data1\" content=\"3 minutes\" \/>\n<script type=\"application\/ld+json\" class=\"yoast-schema-graph\">{\"@context\":\"https:\\\/\\\/schema.org\",\"@graph\":[{\"@type\":\"WebPage\",\"@id\":\"https:\\\/\\\/imarco.eu\\\/fr\\\/a-propos-de-nous\\\/\",\"url\":\"https:\\\/\\\/imarco.eu\\\/fr\\\/a-propos-de-nous\\\/\",\"name\":\"\u00c0 propos de nous - IMARCO\",\"isPartOf\":{\"@id\":\"https:\\\/\\\/imarco.eu\\\/fr\\\/#website\"},\"datePublished\":\"2019-03-15T11:31:28+00:00\",\"dateModified\":\"2019-03-21T11:34:45+00:00\",\"breadcrumb\":{\"@id\":\"https:\\\/\\\/imarco.eu\\\/fr\\\/a-propos-de-nous\\\/#breadcrumb\"},\"inLanguage\":\"fr-FR\",\"potentialAction\":[{\"@type\":\"ReadAction\",\"target\":[\"https:\\\/\\\/imarco.eu\\\/fr\\\/a-propos-de-nous\\\/\"]}]},{\"@type\":\"BreadcrumbList\",\"@id\":\"https:\\\/\\\/imarco.eu\\\/fr\\\/a-propos-de-nous\\\/#breadcrumb\",\"itemListElement\":[{\"@type\":\"ListItem\",\"position\":1,\"name\":\"Home\",\"item\":\"https:\\\/\\\/imarco.eu\\\/fr\\\/page-daccueil\\\/\"},{\"@type\":\"ListItem\",\"position\":2,\"name\":\"\u00c0 propos de nous\"}]},{\"@type\":\"WebSite\",\"@id\":\"https:\\\/\\\/imarco.eu\\\/fr\\\/#website\",\"url\":\"https:\\\/\\\/imarco.eu\\\/fr\\\/\",\"name\":\"IMARCO\",\"description\":\"\",\"potentialAction\":[{\"@type\":\"SearchAction\",\"target\":{\"@type\":\"EntryPoint\",\"urlTemplate\":\"https:\\\/\\\/imarco.eu\\\/fr\\\/?s={search_term_string}\"},\"query-input\":{\"@type\":\"PropertyValueSpecification\",\"valueRequired\":true,\"valueName\":\"search_term_string\"}}],\"inLanguage\":\"fr-FR\"}]}<\/script>\n<!-- \/ Yoast SEO plugin. -->","yoast_head_json":{"title":"\u00c0 propos de nous - IMARCO","robots":{"index":"index","follow":"follow","max-snippet":"max-snippet:-1","max-image-preview":"max-image-preview:large","max-video-preview":"max-video-preview:-1"},"canonical":"https:\/\/imarco.eu\/fr\/a-propos-de-nous\/","og_locale":"fr_FR","og_type":"article","og_title":"\u00c0 propos de nous - IMARCO","og_description":"[vc_row equal_height=&#8221;yes&#8221; content_placement=&#8221;middle&#8221; marginbottom=&#8221;7.29167vw&#8221; marginheader=&#8221;&#8221; paddingheader=&#8221;&#8221; lmarginheader=&#8221;&#8221; lpaddingheader=&#8221;&#8221; tmarginheader=&#8221;&#8221; tpaddingheader=&#8221;&#8221; mmarginheader=&#8221;&#8221; mpaddingheader=&#8221;&#8221; fullscreenslide=&#8221;true&#8221;][vc_column width=&#8221;1\/2&#8243; marginheader=&#8221;&#8221; paddingheader=&#8221;&#8221; lmarginheader=&#8221;&#8221; lpaddingheader=&#8221;&#8221; tmarginheader=&#8221;&#8221; tpaddingheader=&#8221;&#8221; mmarginheader=&#8221;&#8221; mpaddingheader=&#8221;&#8221; el_class=&#8221;yellow-block yellow-block&#8211;left&#8221;][vc_column_text] \u00c0 propos d\u2019Imarco \u00c0 PROPOS DE NOUS [\/vc_column_text][vc_column_text]Fier de sa collection de sols en composite de marbre et en c\u00e9ramique de haute qualit\u00e9, Imarco propose la solution parfaite en combinant son [&hellip;]","og_url":"https:\/\/imarco.eu\/fr\/a-propos-de-nous\/","og_site_name":"IMARCO","article_modified_time":"2019-03-21T11:34:45+00:00","twitter_card":"summary_large_image","twitter_misc":{"Dur\u00e9e de lecture estim\u00e9e":"3 minutes"},"schema":{"@context":"https:\/\/schema.org","@graph":[{"@type":"WebPage","@id":"https:\/\/imarco.eu\/fr\/a-propos-de-nous\/","url":"https:\/\/imarco.eu\/fr\/a-propos-de-nous\/","name":"\u00c0 propos de nous - IMARCO","isPartOf":{"@id":"https:\/\/imarco.eu\/fr\/#website"},"datePublished":"2019-03-15T11:31:28+00:00","dateModified":"2019-03-21T11:34:45+00:00","breadcrumb":{"@id":"https:\/\/imarco.eu\/fr\/a-propos-de-nous\/#breadcrumb"},"inLanguage":"fr-FR","potentialAction":[{"@type":"ReadAction","target":["https:\/\/imarco.eu\/fr\/a-propos-de-nous\/"]}]},{"@type":"BreadcrumbList","@id":"https:\/\/imarco.eu\/fr\/a-propos-de-nous\/#breadcrumb","itemListElement":[{"@type":"ListItem","position":1,"name":"Home","item":"https:\/\/imarco.eu\/fr\/page-daccueil\/"},{"@type":"ListItem","position":2,"name":"\u00c0 propos de nous"}]},{"@type":"WebSite","@id":"https:\/\/imarco.eu\/fr\/#website","url":"https:\/\/imarco.eu\/fr\/","name":"IMARCO","description":"","potentialAction":[{"@type":"SearchAction","target":{"@type":"EntryPoint","urlTemplate":"https:\/\/imarco.eu\/fr\/?s={search_term_string}"},"query-input":{"@type":"PropertyValueSpecification","valueRequired":true,"valueName":"search_term_string"}}],"inLanguage":"fr-FR"}]}},"_links":{"self":[{"href":"https:\/\/imarco.eu\/fr\/wp-json\/wp\/v2\/pages\/839","targetHints":{"allow":["GET"]}}],"collection":[{"href":"https:\/\/imarco.eu\/fr\/wp-json\/wp\/v2\/pages"}],"about":[{"href":"https:\/\/imarco.eu\/fr\/wp-json\/wp\/v2\/types\/page"}],"author":[{"embeddable":true,"href":"https:\/\/imarco.eu\/fr\/wp-json\/wp\/v2\/users\/1"}],"replies":[{"embeddable":true,"href":"https:\/\/imarco.eu\/fr\/wp-json\/wp\/v2\/comments?post=839"}],"version-history":[{"count":2,"href":"https:\/\/imarco.eu\/fr\/wp-json\/wp\/v2\/pages\/839\/revisions"}],"predecessor-version":[{"id":997,"href":"https:\/\/imarco.eu\/fr\/wp-json\/wp\/v2\/pages\/839\/revisions\/997"}],"wp:attachment":[{"href":"https:\/\/imarco.eu\/fr\/wp-json\/wp\/v2\/media?parent=839"}],"curies":[{"name":"wp","href":"https:\/\/api.w.org\/{rel}","templated":true}]}}